{"id":210,"date":"2025-07-21T21:05:02","date_gmt":"2025-07-21T21:05:02","guid":{"rendered":"https:\/\/plum-swan-527253.hostingersite.com\/?page_id=210"},"modified":"2025-08-06T13:27:36","modified_gmt":"2025-08-06T13:27:36","slug":"dj-lazer","status":"publish","type":"page","link":"https:\/\/acap.es\/es\/dj-lazer\/","title":{"rendered":"Dj Lazer"},"content":{"rendered":"<h1 class=\"wp-block-heading has-text-align-left\">Dj Lazer (rap, black music)<\/h1>\n\n\n\n<figure class=\"wp-block-image size-large\"><img loading=\"lazy\" decoding=\"async\" width=\"1024\" height=\"683\" src=\"https:\/\/acap.es\/wp-content\/uploads\/2025\/07\/2-1-1024x683.jpg\" alt=\"\" class=\"wp-image-211\" srcset=\"https:\/\/acap.es\/wp-content\/uploads\/2025\/07\/2-1-1024x683.jpg 1024w, https:\/\/acap.es\/wp-content\/uploads\/2025\/07\/2-1-300x200.jpg 300w, https:\/\/acap.es\/wp-content\/uploads\/2025\/07\/2-1-768x512.jpg 768w, https:\/\/acap.es\/wp-content\/uploads\/2025\/07\/2-1-1536x1024.jpg 1536w, https:\/\/acap.es\/wp-content\/uploads\/2025\/07\/2-1.jpg 2048w\" sizes=\"auto, (max-width: 1024px) 100vw, 1024px\" \/><\/figure>\n\n\n\n<p><strong>Biograf\u00eda:<\/strong><br>\ud83c\udfa7 Con <strong>25 a\u00f1os<\/strong> detr\u00e1s de los platos, <strong>DJ Lazer<\/strong> es uno de los nombres <strong>m\u00e1s respetados<\/strong> en<strong> DJing <\/strong>dentro de la escena del hip-hop espa\u00f1ol. Desde Sevilla, ha desarrollado una<strong> t\u00e9cnica<\/strong>, veratilidad, y <strong>estilo lleno de actitud<\/strong>, mezclando scratching, mezclas fluidas y una cuidada <strong>exquisita selecci\u00f3n musical<\/strong> con puro <strong>sabor de la calle<\/strong>.<\/p>\n\n\n\n<p>Como el DJ del legendario grupo <strong>Dogma Crew<\/strong>, ha colaborado con figuras clave del rap espa\u00f1ol como <strong>SFDK, Kapi, Martyn,<\/strong> y <strong>Alta Fidelidad<\/strong>, recorriendo salas y festivales por todo el pa\u00eds. Sus sets en directo son m\u00e1s que m\u00fasica: son una exhibici\u00f3n de habilidad, presencia y conexi\u00f3n con el p\u00fablico. DJ Lazer mantiene viva la<strong> cl\u00e1sica escuela del hip-hop,<\/strong> pero con una ejecuci\u00f3n moderna adaptada a cualquier contexto.<\/p>\n\n\n\n<p><strong>Disponible para:<\/strong> DJ sesi\u00f3n en festivales, conciertos, o eventos culturales.<br>\ud83c\udfa7 <strong>G\u00e9neros:<\/strong> Hip hop, Black music, funk, R&amp;B<br>\ud83c\udf9a\ufe0f <strong>Formato del show:<\/strong> DJ set \/ DJ acompa\u00f1ado por artistas<br>\ud83d\udccd <strong>Localizaci\u00f3n:<\/strong> Sevilla<\/p>\n\n\n\n<p><\/p>\n\n\n\n<h2 class=\"wp-block-heading\">Galer\u00eda de obras:<\/h2>\n\n\n\n<div class=\"wp-block-columns is-layout-flex wp-container-core-columns-is-layout-28f84493 wp-block-columns-is-layout-flex\">\n<div class=\"wp-block-column is-layout-flow wp-block-column-is-layout-flow\">\n<figure class=\"wp-block-embed is-type-video is-provider-youtube wp-block-embed-youtube wp-embed-aspect-16-9 wp-has-aspect-ratio\"><div class=\"wp-block-embed__wrapper\">\n<iframe loading=\"lazy\" title=\"Demo &amp; Kapi (con DJ Lazer) - Somos Lo Que Fuimos (Full Version)\" width=\"500\" height=\"281\" src=\"https:\/\/www.youtube.com\/embed\/FnOZhGLdPl4?feature=oembed\" frameborder=\"0\" allow=\"accelerometer; autoplay; clipboard-write; encrypted-media; gyroscope; picture-in-picture; web-share\" referrerpolicy=\"strict-origin-when-cross-origin\" allowfullscreen><\/iframe>\n<\/div><\/figure>\n<\/div>\n\n\n\n<div class=\"wp-block-column is-layout-flow wp-block-column-is-layout-flow\">\n<figure class=\"wp-block-embed is-type-video is-provider-youtube wp-block-embed-youtube wp-embed-aspect-16-9 wp-has-aspect-ratio\"><div class=\"wp-block-embed__wrapper\">\n<iframe loading=\"lazy\" title=\"Martyn &amp; Dj Lazer - P\u00e1salo (prod. by Bitodelnya)\" width=\"500\" height=\"281\" src=\"https:\/\/www.youtube.com\/embed\/bIdz7o2nGA4?feature=oembed\" frameborder=\"0\" allow=\"accelerometer; autoplay; clipboard-write; encrypted-media; gyroscope; picture-in-picture; web-share\" referrerpolicy=\"strict-origin-when-cross-origin\" allowfullscreen><\/iframe>\n<\/div><\/figure>\n<\/div>\n\n\n\n<div class=\"wp-block-column is-layout-flow wp-block-column-is-layout-flow\">\n<figure class=\"wp-block-embed is-type-video is-provider-youtube wp-block-embed-youtube wp-embed-aspect-16-9 wp-has-aspect-ratio\"><div class=\"wp-block-embed__wrapper\">\n<iframe loading=\"lazy\" title=\"BODAS - ALTA FIDELIDAD feat. Dj Lazer [Prod. Beat Up Beats &amp; S1P]\" width=\"500\" height=\"281\" src=\"https:\/\/www.youtube.com\/embed\/BisUOkxnlIg?feature=oembed\" frameborder=\"0\" allow=\"accelerometer; autoplay; clipboard-write; encrypted-media; gyroscope; picture-in-picture; web-share\" referrerpolicy=\"strict-origin-when-cross-origin\" allowfullscreen><\/iframe>\n<\/div><\/figure>\n<\/div>\n<\/div>\n\n\n\n<h2 class=\"wp-block-heading\">Redes sociales<\/h2>\n\n\n\n<ul class=\"wp-block-list\">\n<li><a href=\"https:\/\/www.instagram.com\/djlazerdogma\/\" target=\"_blank\" rel=\"noreferrer noopener\">Instagram<\/a><\/li>\n\n\n\n<li><a href=\"https:\/\/www.facebook.com\/djlazer.dogmacrew\" target=\"_blank\" rel=\"noreferrer noopener\">Facebook<\/a><\/li>\n\n\n\n<li><a href=\"https:\/\/www.youtube.com\/@djlazerdogmacrew1780\" target=\"_blank\" rel=\"noreferrer noopener\">Sitio web<\/a><\/li>\n<\/ul>\n\n\n\n<p><\/p>","protected":false},"excerpt":{"rendered":"<p>Dj Lazer (rap, black music) Biography:\ud83c\udfa7 With 25 years behind the decks, DJ Lazer is one of the most respected names in DJing within the Spanish hip-hop scene. From Seville, he has developed a technical, versatile, and attitude-filled style, blending scratching, smooth mixing, and a carefully curated music selection with pure street flavor. As the [&hellip;]<\/p>","protected":false},"author":1,"featured_media":0,"parent":0,"menu_order":0,"comment_status":"closed","ping_status":"closed","template":"","meta":{"footnotes":""},"class_list":["post-210","page","type-page","status-publish","hentry"],"_links":{"self":[{"href":"https:\/\/acap.es\/es\/wp-json\/wp\/v2\/pages\/210","targetHints":{"allow":["GET"]}}],"collection":[{"href":"https:\/\/acap.es\/es\/wp-json\/wp\/v2\/pages"}],"about":[{"href":"https:\/\/acap.es\/es\/wp-json\/wp\/v2\/types\/page"}],"author":[{"embeddable":true,"href":"https:\/\/acap.es\/es\/wp-json\/wp\/v2\/users\/1"}],"replies":[{"embeddable":true,"href":"https:\/\/acap.es\/es\/wp-json\/wp\/v2\/comments?post=210"}],"version-history":[{"count":8,"href":"https:\/\/acap.es\/es\/wp-json\/wp\/v2\/pages\/210\/revisions"}],"predecessor-version":[{"id":436,"href":"https:\/\/acap.es\/es\/wp-json\/wp\/v2\/pages\/210\/revisions\/436"}],"wp:attachment":[{"href":"https:\/\/acap.es\/es\/wp-json\/wp\/v2\/media?parent=210"}],"curies":[{"name":"wp","href":"https:\/\/api.w.org\/{rel}","templated":true}]}}