{"id":224,"date":"2025-07-22T00:12:08","date_gmt":"2025-07-22T00:12:08","guid":{"rendered":"https:\/\/plum-swan-527253.hostingersite.com\/?page_id=224"},"modified":"2025-08-06T13:16:31","modified_gmt":"2025-08-06T13:16:31","slug":"dhsa","status":"publish","type":"page","link":"https:\/\/acap.es\/es\/dhsa\/","title":{"rendered":"DHSA"},"content":{"rendered":"<h1 class=\"wp-block-heading has-text-align-left\">DHSA (Rap mensaje)<\/h1>\n\n\n\n<figure class=\"wp-block-image size-large\"><img loading=\"lazy\" decoding=\"async\" width=\"1024\" height=\"683\" src=\"https:\/\/acap.es\/wp-content\/uploads\/2025\/07\/4-DSC_0416-1024x683.jpg\" alt=\"\" class=\"wp-image-226\" srcset=\"https:\/\/acap.es\/wp-content\/uploads\/2025\/07\/4-DSC_0416-1024x683.jpg 1024w, https:\/\/acap.es\/wp-content\/uploads\/2025\/07\/4-DSC_0416-300x200.jpg 300w, https:\/\/acap.es\/wp-content\/uploads\/2025\/07\/4-DSC_0416-768x512.jpg 768w, https:\/\/acap.es\/wp-content\/uploads\/2025\/07\/4-DSC_0416-1536x1024.jpg 1536w, https:\/\/acap.es\/wp-content\/uploads\/2025\/07\/4-DSC_0416.jpg 2048w\" sizes=\"auto, (max-width: 1024px) 100vw, 1024px\" \/><\/figure>\n\n\n\n<p><strong>Biograf\u00eda:<\/strong><br>\ud83c\udfa4 <strong>DHSA<\/strong>, la voz femenina que aporta <strong>hardcore boom\u202fbap<\/strong> est\u00e1 de vuelta con la actitud de 2025. Sus rimas son artiller\u00eda pesada: <strong>honestas, ir\u00f3nicas y afiladas<\/strong>, respaldada por ritmos cl\u00e1sicos que te parten el cuello, con una <strong>energ\u00eda que quema el escenario<\/strong>. Una MC que <strong>te atrapa<\/strong> desde el primer bombo. Rap sin filtros con la frescura del<strong> new school<\/strong>. \ud83d\udca5<\/p>\n\n\n\n<p>Ha colaborado con artistas como. <strong>El Langui, Carlos Animal (Non Servium)<\/strong>y est\u00e1 a punto de lanzar su \u00e1lbum debut. <em><strong>&#8220;Yokai<\/strong><\/em>\u201d una verdadera <strong>bomba sonora<\/strong>.<\/p>\n\n\n\n<p><strong>Disponible para:<\/strong> Giras, festivales, showcases y eventos culturales.<br>\ud83d\udccd <strong>Localizaci\u00f3n:<\/strong> Toledo<br>\ud83c\udf9a\ufe0f <strong>Formato del show:<\/strong> Dhsa + DJ Joe (DJ set)<br>\ud83c\udfb5 <strong>G\u00e9neros:<\/strong> Boom\u202fbap \/ Hardcore rap<\/p>\n\n\n\n<p><\/p>\n\n\n\n<h2 class=\"wp-block-heading\">Galer\u00eda de obras:<\/h2>\n\n\n\n<div class=\"wp-block-columns is-layout-flex wp-container-core-columns-is-layout-28f84493 wp-block-columns-is-layout-flex\">\n<div class=\"wp-block-column is-layout-flow wp-block-column-is-layout-flow\">\n<figure class=\"wp-block-embed is-type-video is-provider-youtube wp-block-embed-youtube wp-embed-aspect-16-9 wp-has-aspect-ratio\"><div class=\"wp-block-embed__wrapper\">\n<iframe loading=\"lazy\" title=\"POMPEYA -DH.SA\" width=\"500\" height=\"281\" src=\"https:\/\/www.youtube.com\/embed\/2bjcTarV0RM?feature=oembed\" frameborder=\"0\" allow=\"accelerometer; autoplay; clipboard-write; encrypted-media; gyroscope; picture-in-picture; web-share\" referrerpolicy=\"strict-origin-when-cross-origin\" allowfullscreen><\/iframe>\n<\/div><\/figure>\n<\/div>\n\n\n\n<div class=\"wp-block-column is-layout-flow wp-block-column-is-layout-flow\">\n<figure class=\"wp-block-embed is-type-video is-provider-youtube wp-block-embed-youtube wp-embed-aspect-16-9 wp-has-aspect-ratio\"><div class=\"wp-block-embed__wrapper\">\n<iframe loading=\"lazy\" title=\"MENSAJE\" width=\"500\" height=\"281\" src=\"https:\/\/www.youtube.com\/embed\/XUvOZnVgthI?feature=oembed\" frameborder=\"0\" allow=\"accelerometer; autoplay; clipboard-write; encrypted-media; gyroscope; picture-in-picture; web-share\" referrerpolicy=\"strict-origin-when-cross-origin\" allowfullscreen><\/iframe>\n<\/div><\/figure>\n<\/div>\n\n\n\n<div class=\"wp-block-column is-layout-flow wp-block-column-is-layout-flow\">\n<figure class=\"wp-block-embed is-type-video is-provider-youtube wp-block-embed-youtube wp-embed-aspect-16-9 wp-has-aspect-ratio\"><div class=\"wp-block-embed__wrapper\">\n<iframe loading=\"lazy\" title=\"DH.SA- As\u00ed en la tierra c\u00f3mo.....\" width=\"500\" height=\"281\" src=\"https:\/\/www.youtube.com\/embed\/wWzib3KY2Pg?feature=oembed\" frameborder=\"0\" allow=\"accelerometer; autoplay; clipboard-write; encrypted-media; gyroscope; picture-in-picture; web-share\" referrerpolicy=\"strict-origin-when-cross-origin\" allowfullscreen><\/iframe>\n<\/div><\/figure>\n<\/div>\n<\/div>\n\n\n\n<h2 class=\"wp-block-heading\">Redes sociales<\/h2>\n\n\n\n<ul class=\"wp-block-list\">\n<li><a href=\"https:\/\/www.instagram.com\/__dh.sa__\/\" target=\"_blank\" rel=\"noreferrer noopener\">Instagram<\/a><\/li>\n\n\n\n<li><a href=\"https:\/\/www.facebook.com\/profile.php?id=61578452640446\" target=\"_blank\" rel=\"noreferrer noopener\">Tik Tok<\/a><\/li>\n\n\n\n<li><a href=\"https:\/\/www.youtube.com\/@DH.SArap2222\" target=\"_blank\" rel=\"noreferrer noopener\">Sitio web<\/a><\/li>\n<\/ul>\n\n\n\n<p><\/p>","protected":false},"excerpt":{"rendered":"<p>DHSA (Rap message) Biography:\ud83c\udfa4 DHSA, the female voice bringing hardcore boom\u202fbap back with the 2025 attitude. Her bars are heavy artillery: honest, ironic, and razor-sharp, backed by classic beats that snap your neck\u2014with a stage-burning energy. An MC that hooks you from the very first kick drum. Unfiltered rap with the freshness of the new [&hellip;]<\/p>","protected":false},"author":1,"featured_media":0,"parent":0,"menu_order":0,"comment_status":"closed","ping_status":"closed","template":"","meta":{"footnotes":""},"class_list":["post-224","page","type-page","status-publish","hentry"],"_links":{"self":[{"href":"https:\/\/acap.es\/es\/wp-json\/wp\/v2\/pages\/224","targetHints":{"allow":["GET"]}}],"collection":[{"href":"https:\/\/acap.es\/es\/wp-json\/wp\/v2\/pages"}],"about":[{"href":"https:\/\/acap.es\/es\/wp-json\/wp\/v2\/types\/page"}],"author":[{"embeddable":true,"href":"https:\/\/acap.es\/es\/wp-json\/wp\/v2\/users\/1"}],"replies":[{"embeddable":true,"href":"https:\/\/acap.es\/es\/wp-json\/wp\/v2\/comments?post=224"}],"version-history":[{"count":6,"href":"https:\/\/acap.es\/es\/wp-json\/wp\/v2\/pages\/224\/revisions"}],"predecessor-version":[{"id":432,"href":"https:\/\/acap.es\/es\/wp-json\/wp\/v2\/pages\/224\/revisions\/432"}],"wp:attachment":[{"href":"https:\/\/acap.es\/es\/wp-json\/wp\/v2\/media?parent=224"}],"curies":[{"name":"wp","href":"https:\/\/api.w.org\/{rel}","templated":true}]}}