{"id":250,"date":"2025-07-22T10:32:33","date_gmt":"2025-07-22T10:32:33","guid":{"rendered":"https:\/\/plum-swan-527253.hostingersite.com\/?page_id=250"},"modified":"2025-08-06T13:31:48","modified_gmt":"2025-08-06T13:31:48","slug":"dj-pepo-starr","status":"publish","type":"page","link":"https:\/\/acap.es\/es\/dj-pepo-starr\/","title":{"rendered":"Djota Pe"},"content":{"rendered":"<h1 class=\"wp-block-heading has-text-align-left\">Djota Pe (Fukin&#8217; Djs Sound) Reggae, Dancehall.<\/h1>\n\n\n\n<figure class=\"wp-block-image size-large\"><img loading=\"lazy\" decoding=\"async\" width=\"1024\" height=\"1004\" src=\"https:\/\/acap.es\/wp-content\/uploads\/2025\/07\/unnamed-1-1-1024x1004.jpg\" alt=\"\" class=\"wp-image-255\" srcset=\"https:\/\/acap.es\/wp-content\/uploads\/2025\/07\/unnamed-1-1-1024x1004.jpg 1024w, https:\/\/acap.es\/wp-content\/uploads\/2025\/07\/unnamed-1-1-300x294.jpg 300w, https:\/\/acap.es\/wp-content\/uploads\/2025\/07\/unnamed-1-1-768x753.jpg 768w, https:\/\/acap.es\/wp-content\/uploads\/2025\/07\/unnamed-1-1-1536x1506.jpg 1536w, https:\/\/acap.es\/wp-content\/uploads\/2025\/07\/unnamed-1-1.jpg 2048w\" sizes=\"auto, (max-width: 1024px) 100vw, 1024px\" \/><\/figure>\n\n\n\n<p><strong>Biograf\u00eda:<\/strong><br><strong>DJota\u202fPe<\/strong> es uno de los selectores m\u00e1s vers\u00e1tiles de la escena <strong>reggae\u202f\/\u202fdancehall<\/strong>. Con m\u00e1s de una d\u00e9cada detr\u00e1s de los platos, su selecci\u00f3n musical mezcla <strong>cl\u00e1sicos, riddims actuales<\/strong>, y la <strong>cortes de dub<\/strong> que encienden cualquier pista de baile.<\/p>\n\n\n\n<p>Actualmente act\u00faa en directo con nombres de primera l\u00ednea como <strong>Hermano\u202fL<\/strong> y <strong>Mr.\u202fRango<\/strong>y tambi\u00e9n colabora con otras voces reconocidas de la escena nacional de reggae-dancehall. Su estilo se destaca por sus <strong>transiciones limpias<\/strong>, <strong>buenas vibraciones<\/strong>, <strong>scratches impecables<\/strong>y la habilidad de leer al p\u00fablico en cada momento.<\/p>\n\n\n\n<p><strong>Disponible para:<\/strong><br>\u2022 Reggae-dancehall shows (club o festival)<br>\u2022  Sets de apertura y cierre para artistas en gira.<br>\u2022 Sesiones de dub y roots, dancehall moderno y reggae<\/p>\n\n\n\n<p>\ud83c\udfb5 <strong>G\u00e9neros:<\/strong> Roots, Dub, Dancehall, Afrobeats crossover<br>\ud83d\udccd <strong>Localizaci\u00f3n:<\/strong> Valladolid (ES)<\/p>\n\n\n\n<h2 class=\"wp-block-heading\">Galer\u00eda de obras:<\/h2>\n\n\n\n<div class=\"wp-block-columns is-layout-flex wp-container-core-columns-is-layout-28f84493 wp-block-columns-is-layout-flex\">\n<div class=\"wp-block-column is-layout-flow wp-block-column-is-layout-flow\">\n<figure class=\"wp-block-embed is-type-video is-provider-youtube wp-block-embed-youtube wp-embed-aspect-16-9 wp-has-aspect-ratio\"><div class=\"wp-block-embed__wrapper\">\n<iframe loading=\"lazy\" title=\"DJOTA PE _ SPECIAL DUB &amp; BASS LIVE SESSION  actuacion en el Festival Online #FUCK&#039;INDJS #StayHome\" width=\"500\" height=\"281\" src=\"https:\/\/www.youtube.com\/embed\/h-E13MJiqr0?feature=oembed\" frameborder=\"0\" allow=\"accelerometer; autoplay; clipboard-write; encrypted-media; gyroscope; picture-in-picture; web-share\" referrerpolicy=\"strict-origin-when-cross-origin\" allowfullscreen><\/iframe>\n<\/div><\/figure>\n<\/div>\n\n\n\n<div class=\"wp-block-column is-layout-flow wp-block-column-is-layout-flow\">\n<figure class=\"wp-block-embed is-type-video is-provider-youtube wp-block-embed-youtube wp-embed-aspect-16-9 wp-has-aspect-ratio\"><div class=\"wp-block-embed__wrapper\">\n<iframe loading=\"lazy\" title=\"BOOMBASTIK VIERNES 14 DE FEBRERO, DJOTA PE__ V\u00cdDEO\" width=\"500\" height=\"281\" src=\"https:\/\/www.youtube.com\/embed\/fZRMddiM2U8?feature=oembed\" frameborder=\"0\" allow=\"accelerometer; autoplay; clipboard-write; encrypted-media; gyroscope; picture-in-picture; web-share\" referrerpolicy=\"strict-origin-when-cross-origin\" allowfullscreen><\/iframe>\n<\/div><\/figure>\n<\/div>\n\n\n\n<div class=\"wp-block-column is-layout-flow wp-block-column-is-layout-flow\">\n<figure class=\"wp-block-embed is-type-video is-provider-youtube wp-block-embed-youtube wp-embed-aspect-16-9 wp-has-aspect-ratio\"><div class=\"wp-block-embed__wrapper\">\n<iframe loading=\"lazy\" title=\"PEPO STARR SESION ETHEREUM BASS FESTIVAL\" width=\"500\" height=\"281\" src=\"https:\/\/www.youtube.com\/embed\/3lxGi2CwImw?feature=oembed\" frameborder=\"0\" allow=\"accelerometer; autoplay; clipboard-write; encrypted-media; gyroscope; picture-in-picture; web-share\" referrerpolicy=\"strict-origin-when-cross-origin\" allowfullscreen><\/iframe>\n<\/div><\/figure>\n<\/div>\n<\/div>\n\n\n\n<h2 class=\"wp-block-heading\">Redes sociales<\/h2>\n\n\n\n<ul class=\"wp-block-list\">\n<li><a href=\"https:\/\/www.instagram.com\/pepostarr__djotape\/\" target=\"_blank\" rel=\"noreferrer noopener\">Instagram<\/a><\/li>\n\n\n\n<li><a href=\"https:\/\/www.tiktok.com\/@pepostarr1\" target=\"_blank\" rel=\"noreferrer noopener\">Tik Tok<\/a><\/li>\n\n\n\n<li><a href=\"https:\/\/www.youtube.com\/@pepostarr5667\" target=\"_blank\" rel=\"noreferrer noopener\">Sitio web<\/a><\/li>\n<\/ul>\n\n\n\n<p><\/p>","protected":false},"excerpt":{"rendered":"<p>Djota Pe (Fukin&#8217; Djs Sound) Reggae, Dancehall. Biography:DJota\u202fPe is one of the most versatile selectors in the Spanish reggae\u202f\/\u202fdancehall scene. With over a decade behind the decks, his crate blends foundation classics, current riddims, and dub cuts that ignite any dancefloor. He currently performs live with top names like Hermano\u202fL and Mr.\u202fRango, and also collaborates [&hellip;]<\/p>","protected":false},"author":1,"featured_media":0,"parent":0,"menu_order":0,"comment_status":"closed","ping_status":"closed","template":"","meta":{"footnotes":""},"class_list":["post-250","page","type-page","status-publish","hentry"],"_links":{"self":[{"href":"https:\/\/acap.es\/es\/wp-json\/wp\/v2\/pages\/250","targetHints":{"allow":["GET"]}}],"collection":[{"href":"https:\/\/acap.es\/es\/wp-json\/wp\/v2\/pages"}],"about":[{"href":"https:\/\/acap.es\/es\/wp-json\/wp\/v2\/types\/page"}],"author":[{"embeddable":true,"href":"https:\/\/acap.es\/es\/wp-json\/wp\/v2\/users\/1"}],"replies":[{"embeddable":true,"href":"https:\/\/acap.es\/es\/wp-json\/wp\/v2\/comments?post=250"}],"version-history":[{"count":7,"href":"https:\/\/acap.es\/es\/wp-json\/wp\/v2\/pages\/250\/revisions"}],"predecessor-version":[{"id":438,"href":"https:\/\/acap.es\/es\/wp-json\/wp\/v2\/pages\/250\/revisions\/438"}],"wp:attachment":[{"href":"https:\/\/acap.es\/es\/wp-json\/wp\/v2\/media?parent=250"}],"curies":[{"name":"wp","href":"https:\/\/api.w.org\/{rel}","templated":true}]}}