{"id":285,"date":"2025-07-22T15:25:04","date_gmt":"2025-07-22T15:25:04","guid":{"rendered":"https:\/\/plum-swan-527253.hostingersite.com\/?page_id=285"},"modified":"2025-08-06T14:50:12","modified_gmt":"2025-08-06T14:50:12","slug":"zenit","status":"publish","type":"page","link":"https:\/\/acap.es\/es\/zenit\/","title":{"rendered":"Z\u00e9nit"},"content":{"rendered":"<h1 class=\"wp-block-heading has-text-align-left\">Z\u00e9nit (Rap-Hip Hop)<\/h1>\n\n\n\n<figure class=\"wp-block-image size-large\"><img loading=\"lazy\" decoding=\"async\" width=\"1024\" height=\"636\" src=\"https:\/\/acap.es\/wp-content\/uploads\/2025\/07\/PHOTO-2025-07-22-16-59-44-1-1024x636.jpg\" alt=\"\" class=\"wp-image-292\" srcset=\"https:\/\/acap.es\/wp-content\/uploads\/2025\/07\/PHOTO-2025-07-22-16-59-44-1-1024x636.jpg 1024w, https:\/\/acap.es\/wp-content\/uploads\/2025\/07\/PHOTO-2025-07-22-16-59-44-1-300x186.jpg 300w, https:\/\/acap.es\/wp-content\/uploads\/2025\/07\/PHOTO-2025-07-22-16-59-44-1-768x477.jpg 768w, https:\/\/acap.es\/wp-content\/uploads\/2025\/07\/PHOTO-2025-07-22-16-59-44-1-1536x953.jpg 1536w, https:\/\/acap.es\/wp-content\/uploads\/2025\/07\/PHOTO-2025-07-22-16-59-44-1-2048x1271.jpg 2048w\" sizes=\"auto, (max-width: 1024px) 100vw, 1024px\" \/><\/figure>\n\n\n\n<p><strong>Biograf\u00eda:<\/strong><br>\ud83c\udfa4 Una figura clave en la escena del rap de Madrid desde los a\u00f1os 90, <strong>Zenit<\/strong> rompi\u00f3 con el colectivo 400 % y consolid\u00f3 su nombre con su debut <strong><em>Producto Infinito<\/em> (2003)<\/strong>\u2014un cl\u00e1sico reeditado m\u00e1s tarde por <strong>Zona\u202fBruta<\/strong>. Despu\u00e9s de eso lleg\u00f3 el maxi <em>Es\u202fel\u202fMomento<\/em> (2005) y el LP <em>Torre de Babel<\/em> (2006), donde fusion\u00f3 talento nacional e internacional. Su \u00e1lbum m\u00e1s aclamado, <strong><em>Nadir<\/em> (2010)<\/strong>, mostr\u00f3 letras afiladas junto a<strong> Nach, Falsalarma,<\/strong> y<strong> Juaninacka.<\/strong> \ud83d\udca5<\/p>\n\n\n\n<p>Ha colaborado con<strong> leyendas<\/strong> como <strong>SFDK, Arianna\u202fPuello, Frank\u202fT, VKR, DJ\u202fYulian,<\/strong> y <strong>Artes<\/strong>, y ha participado en iniciativas culturales como <em>Quijote Hip\u2011Hop<\/em> y la banda sonora <strong><em>Bagdad Rap.<\/em> <\/strong>En los \u00faltimos a\u00f1os, ha regresado m\u00e1s fuerte que nunca y est\u00e1 a punto de lanzar <em><strong>GRANDPAS<\/strong><\/em> con Jompy a finales de 2025. Su show en vivo combina un crudo <strong>boom-bap, freestyle,<\/strong> y <strong>contenido social<\/strong>, respaldado por las habilidades de <strong>DJ Gast\u00f3n, DJ\u202fEst<\/strong>, o <strong>DJ\u202fLazer<\/strong> en los platos.<\/p>\n\n\n\n<p><strong>Disponible para:<\/strong><br>\u2022 Hip-hop \/ Conciertos y festivales de cultura urbana<br>\u2022 Showcase<\/p>\n\n\n\n<p>\ud83c\udfb5 <strong>G\u00e9neros:<\/strong> Boom\u202fbap, hardcore rap, freestyle<br>\ud83c\udf9a\ufe0f <strong>Formato del show:<\/strong> Zenit + DJ<br>\ud83d\udccd <strong>Localizaci\u00f3n:<\/strong> Madrid (ES)<\/p>\n\n\n\n<h2 class=\"wp-block-heading\">Galer\u00eda de obras:<\/h2>\n\n\n\n<div class=\"wp-block-columns is-layout-flex wp-container-core-columns-is-layout-28f84493 wp-block-columns-is-layout-flex\">\n<div class=\"wp-block-column is-layout-flow wp-block-column-is-layout-flow\">\n<figure class=\"wp-block-embed is-type-video is-provider-youtube wp-block-embed-youtube wp-embed-aspect-16-9 wp-has-aspect-ratio\"><div class=\"wp-block-embed__wrapper\">\n<iframe loading=\"lazy\" title=\"Z\u00c9NIT &amp; JAZZMIND - 7.300 NOCHES\" width=\"500\" height=\"281\" src=\"https:\/\/www.youtube.com\/embed\/iL5gBYJzn2Y?feature=oembed\" frameborder=\"0\" allow=\"accelerometer; autoplay; clipboard-write; encrypted-media; gyroscope; picture-in-picture; web-share\" referrerpolicy=\"strict-origin-when-cross-origin\" allowfullscreen><\/iframe>\n<\/div><\/figure>\n<\/div>\n\n\n\n<div class=\"wp-block-column is-layout-flow wp-block-column-is-layout-flow\">\n<figure class=\"wp-block-embed is-type-video is-provider-youtube wp-block-embed-youtube wp-embed-aspect-16-9 wp-has-aspect-ratio\"><div class=\"wp-block-embed__wrapper\">\n<iframe loading=\"lazy\" title=\"Z\u00c9NIT - 46 CHAMBERS (Prod. Samubeat)\" width=\"500\" height=\"281\" src=\"https:\/\/www.youtube.com\/embed\/5slIlPS5eSc?feature=oembed\" frameborder=\"0\" allow=\"accelerometer; autoplay; clipboard-write; encrypted-media; gyroscope; picture-in-picture; web-share\" referrerpolicy=\"strict-origin-when-cross-origin\" allowfullscreen><\/iframe>\n<\/div><\/figure>\n<\/div>\n\n\n\n<div class=\"wp-block-column is-layout-flow wp-block-column-is-layout-flow\">\n<figure class=\"wp-block-embed is-type-video is-provider-youtube wp-block-embed-youtube wp-embed-aspect-16-9 wp-has-aspect-ratio\"><div class=\"wp-block-embed__wrapper\">\n<iframe loading=\"lazy\" title=\"Z\u00c9NIT - DAMN! (Prod. Kyena y Dr. Buba)\" width=\"500\" height=\"281\" src=\"https:\/\/www.youtube.com\/embed\/mZB8x2OHyFA?feature=oembed\" frameborder=\"0\" allow=\"accelerometer; autoplay; clipboard-write; encrypted-media; gyroscope; picture-in-picture; web-share\" referrerpolicy=\"strict-origin-when-cross-origin\" allowfullscreen><\/iframe>\n<\/div><\/figure>\n<\/div>\n<\/div>\n\n\n\n<h2 class=\"wp-block-heading\">Redes sociales<\/h2>\n\n\n\n<ul class=\"wp-block-list\">\n<li><a href=\"https:\/\/www.instagram.com\/zenitentrozos\/\" target=\"_blank\" rel=\"noreferrer noopener\">Instagram<\/a><\/li>\n\n\n\n<li><a href=\"https:\/\/www.youtube.com\/@ZenitEnTrozos\/videos\">Youtub<\/a><\/li>\n\n\n\n<li><a href=\"https:\/\/azeta.bigcartel.com\/\" target=\"_blank\" rel=\"noreferrer noopener\">Sitio web<\/a><\/li>\n<\/ul>\n\n\n\n<p><\/p>","protected":false},"excerpt":{"rendered":"<p>Z\u00e9nit (Rap-Hip Hop) Biography:\ud83c\udfa4 A key figure in Madrid\u2019s rap scene since the 90s, Zenit broke out with the collective 400\u202f% and cemented his name with his debut Producto Infinito (2003)\u2014a classic later reissued by Zona\u202fBruta. After that came the maxi Es\u202fel\u202fMomento (2005) and the LP Torre de Babel (2006), where he fused national and [&hellip;]<\/p>","protected":false},"author":1,"featured_media":0,"parent":0,"menu_order":0,"comment_status":"closed","ping_status":"closed","template":"","meta":{"footnotes":""},"class_list":["post-285","page","type-page","status-publish","hentry"],"_links":{"self":[{"href":"https:\/\/acap.es\/es\/wp-json\/wp\/v2\/pages\/285","targetHints":{"allow":["GET"]}}],"collection":[{"href":"https:\/\/acap.es\/es\/wp-json\/wp\/v2\/pages"}],"about":[{"href":"https:\/\/acap.es\/es\/wp-json\/wp\/v2\/types\/page"}],"author":[{"embeddable":true,"href":"https:\/\/acap.es\/es\/wp-json\/wp\/v2\/users\/1"}],"replies":[{"embeddable":true,"href":"https:\/\/acap.es\/es\/wp-json\/wp\/v2\/comments?post=285"}],"version-history":[{"count":11,"href":"https:\/\/acap.es\/es\/wp-json\/wp\/v2\/pages\/285\/revisions"}],"predecessor-version":[{"id":448,"href":"https:\/\/acap.es\/es\/wp-json\/wp\/v2\/pages\/285\/revisions\/448"}],"wp:attachment":[{"href":"https:\/\/acap.es\/es\/wp-json\/wp\/v2\/media?parent=285"}],"curies":[{"name":"wp","href":"https:\/\/api.w.org\/{rel}","templated":true}]}}