{"id":304,"date":"2025-07-22T17:44:48","date_gmt":"2025-07-22T17:44:48","guid":{"rendered":"https:\/\/plum-swan-527253.hostingersite.com\/?page_id=304"},"modified":"2025-08-06T14:00:26","modified_gmt":"2025-08-06T14:00:26","slug":"bubu-jay","status":"publish","type":"page","link":"https:\/\/acap.es\/es\/bubu-jay\/","title":{"rendered":"Bubu Jay"},"content":{"rendered":"<h1 class=\"wp-block-heading has-text-align-left\">Bubu Jay (reggae, dancehall, rap, trap, nu soul)<\/h1>\n\n\n\n<figure class=\"wp-block-image size-full\"><img loading=\"lazy\" decoding=\"async\" width=\"700\" height=\"700\" src=\"https:\/\/acap.es\/wp-content\/uploads\/2025\/07\/PHOTO-2025-07-22-18-35-02.jpg\" alt=\"\" class=\"wp-image-305\" srcset=\"https:\/\/acap.es\/wp-content\/uploads\/2025\/07\/PHOTO-2025-07-22-18-35-02.jpg 700w, https:\/\/acap.es\/wp-content\/uploads\/2025\/07\/PHOTO-2025-07-22-18-35-02-300x300.jpg 300w, https:\/\/acap.es\/wp-content\/uploads\/2025\/07\/PHOTO-2025-07-22-18-35-02-150x150.jpg 150w\" sizes=\"auto, (max-width: 700px) 100vw, 700px\" \/><\/figure>\n\n\n\n<p><strong>Biograf\u00eda:<\/strong><br>\ud83c\udfa4 <strong>Bubu\u202fJay<\/strong> descubri\u00f3 su voz cantando gospel de ni\u00f1o. A lo largo de los a\u00f1os, perfeccion\u00f3 un registro vocal conmovedor y lleno de matices que, combinado con <strong>rap y reggae<\/strong>, lo convierte en uno de los artistas m\u00e1s vers\u00e1tiles de la escena afrolatina actual. Biling\u00fce en <strong>Ingl\u00e9s y Espa\u00f1ol<\/strong>, ha actuado en Alemania, Francia y en toda la Pen\u00ednsula Ib\u00e9rica, llevando su mensaje de unidad y conciencia a p\u00fablicos diversos.<\/p>\n\n\n\n<p>Su show en vivo se mueve con naturalidad desde <strong>reggae roots mel\u00f3dico<\/strong> a <strong>dancehall en\u00e9rgico<\/strong>, sin perder la <strong>nu-soul <\/strong>esencia que lo define. Temas como \"<strong>Roots &amp; Culture<\/strong>\" o<strong>\"Walking\u202fIn\u202fSoul<\/strong>\" demuestran su habilidad para deslizarse sobre ritmos c\u00e1lidos y golpear con barras llenas de sentimiento.<\/p>\n\n\n\n<p><strong>Disponible para:<\/strong><br>\u2022 Conciertos y festivales enfocados en la cultura Reggae \/ Dancehall \/ Afro urbana.<br>\u2022 Colaboraciones cross-over con DJs y productores de hip-hop \/ afrobeats.<\/p>\n\n\n\n<p>\ud83c\udfb5 <strong>G\u00e9neros:<\/strong> Roots Reggae, Dancehall, Nu-Soul, Rap<br>\ud83c\udf9a\ufe0f <strong>Formato del show:<\/strong> Bubu\u202fJay + banda o DJ set<br>\ud83d\udccd <strong>Localizaci\u00f3n:<\/strong> Madrid (ES)<\/p>\n\n\n\n<p><\/p>\n\n\n\n<h2 class=\"wp-block-heading\">Galer\u00eda de obras:<\/h2>\n\n\n\n<div class=\"wp-block-columns is-layout-flex wp-container-core-columns-is-layout-28f84493 wp-block-columns-is-layout-flex\">\n<div class=\"wp-block-column is-layout-flow wp-block-column-is-layout-flow\">\n<figure class=\"wp-block-embed is-type-video is-provider-youtube wp-block-embed-youtube wp-embed-aspect-16-9 wp-has-aspect-ratio\"><div class=\"wp-block-embed__wrapper\">\n<iframe loading=\"lazy\" title=\"J DOSE | BUBU JAY | ALBER STEWAR \u00b7 AL CAER (PROD. CRABMAN) [VIDEOCLIP]\" width=\"500\" height=\"281\" src=\"https:\/\/www.youtube.com\/embed\/GkNs56A_JPk?feature=oembed\" frameborder=\"0\" allow=\"accelerometer; autoplay; clipboard-write; encrypted-media; gyroscope; picture-in-picture; web-share\" referrerpolicy=\"strict-origin-when-cross-origin\" allowfullscreen><\/iframe>\n<\/div><\/figure>\n<\/div>\n\n\n\n<div class=\"wp-block-column is-layout-flow wp-block-column-is-layout-flow\">\n<figure class=\"wp-block-embed is-type-video is-provider-youtube wp-block-embed-youtube wp-embed-aspect-16-9 wp-has-aspect-ratio\"><div class=\"wp-block-embed__wrapper\">\n<iframe loading=\"lazy\" title=\"BUBU JAY - INCHALAH [OFFICIAL VIDEO CLIP] BLE RECORDS 2022\" width=\"500\" height=\"281\" src=\"https:\/\/www.youtube.com\/embed\/aGTC9AYxijU?feature=oembed\" frameborder=\"0\" allow=\"accelerometer; autoplay; clipboard-write; encrypted-media; gyroscope; picture-in-picture; web-share\" referrerpolicy=\"strict-origin-when-cross-origin\" allowfullscreen><\/iframe>\n<\/div><\/figure>\n<\/div>\n\n\n\n<div class=\"wp-block-column is-layout-flow wp-block-column-is-layout-flow\">\n<figure class=\"wp-block-embed is-type-video is-provider-youtube wp-block-embed-youtube wp-embed-aspect-16-9 wp-has-aspect-ratio\"><div class=\"wp-block-embed__wrapper\">\n<iframe loading=\"lazy\" title=\"BUBU JAY &amp; SINKA  - UN MUNDO MEJOR  [Prod Allan Gonzalez]\" width=\"500\" height=\"281\" src=\"https:\/\/www.youtube.com\/embed\/tJTooSmpRic?feature=oembed\" frameborder=\"0\" allow=\"accelerometer; autoplay; clipboard-write; encrypted-media; gyroscope; picture-in-picture; web-share\" referrerpolicy=\"strict-origin-when-cross-origin\" allowfullscreen><\/iframe>\n<\/div><\/figure>\n<\/div>\n<\/div>\n\n\n\n<h2 class=\"wp-block-heading\">Redes sociales<\/h2>\n\n\n\n<ul class=\"wp-block-list\">\n<li><a href=\"https:\/\/www.instagram.com\/bubujay.oficial\/\" target=\"_blank\" rel=\"noreferrer noopener\">Instagram<\/a><\/li>\n\n\n\n<li><a href=\"https:\/\/open.spotify.com\/intl-es\/artist\/5cMvrL5VGiXqJGi0TTzj7j?si=orpJGvheRg-ut4EQh2tHFg\" target=\"_blank\" rel=\"noreferrer noopener\">Spotify<\/a><\/li>\n<\/ul>\n\n\n\n<p><\/p>","protected":false},"excerpt":{"rendered":"<p>Bubu Jay (reggae, dancehall, rap, trap, nu soul) Biography:\ud83c\udfa4 Bubu\u202fJay discovered his voice singing gospel as a child. Over the years, he refined a soulful vocal range full of nuance that, combined with rap and reggae, makes him one of the most versatile artists in today\u2019s Afro-Hispanic scene. Bilingual in English and Spanish, he has [&hellip;]<\/p>","protected":false},"author":1,"featured_media":0,"parent":0,"menu_order":0,"comment_status":"closed","ping_status":"closed","template":"","meta":{"footnotes":""},"class_list":["post-304","page","type-page","status-publish","hentry"],"_links":{"self":[{"href":"https:\/\/acap.es\/es\/wp-json\/wp\/v2\/pages\/304","targetHints":{"allow":["GET"]}}],"collection":[{"href":"https:\/\/acap.es\/es\/wp-json\/wp\/v2\/pages"}],"about":[{"href":"https:\/\/acap.es\/es\/wp-json\/wp\/v2\/types\/page"}],"author":[{"embeddable":true,"href":"https:\/\/acap.es\/es\/wp-json\/wp\/v2\/users\/1"}],"replies":[{"embeddable":true,"href":"https:\/\/acap.es\/es\/wp-json\/wp\/v2\/comments?post=304"}],"version-history":[{"count":7,"href":"https:\/\/acap.es\/es\/wp-json\/wp\/v2\/pages\/304\/revisions"}],"predecessor-version":[{"id":447,"href":"https:\/\/acap.es\/es\/wp-json\/wp\/v2\/pages\/304\/revisions\/447"}],"wp:attachment":[{"href":"https:\/\/acap.es\/es\/wp-json\/wp\/v2\/media?parent=304"}],"curies":[{"name":"wp","href":"https:\/\/api.w.org\/{rel}","templated":true}]}}