{"id":361,"date":"2025-07-26T12:57:03","date_gmt":"2025-07-26T12:57:03","guid":{"rendered":"https:\/\/plum-swan-527253.hostingersite.com\/?page_id=361"},"modified":"2025-08-06T13:47:09","modified_gmt":"2025-08-06T13:47:09","slug":"south-side-connection","status":"publish","type":"page","link":"https:\/\/acap.es\/es\/south-side-connection\/","title":{"rendered":"South Side Connection"},"content":{"rendered":"<h1 class=\"wp-block-heading has-text-align-left\">South Side Connection (Break dance)<\/h1>\n\n\n\n<figure class=\"wp-block-image size-large\"><img loading=\"lazy\" decoding=\"async\" width=\"1024\" height=\"722\" src=\"https:\/\/acap.es\/wp-content\/uploads\/2025\/07\/image2-2-1024x722.jpeg\" alt=\"\" class=\"wp-image-365\" srcset=\"https:\/\/acap.es\/wp-content\/uploads\/2025\/07\/image2-2-1024x722.jpeg 1024w, https:\/\/acap.es\/wp-content\/uploads\/2025\/07\/image2-2-300x211.jpeg 300w, https:\/\/acap.es\/wp-content\/uploads\/2025\/07\/image2-2-768x541.jpeg 768w, https:\/\/acap.es\/wp-content\/uploads\/2025\/07\/image2-2.jpeg 1080w\" sizes=\"auto, (max-width: 1024px) 100vw, 1024px\" \/><\/figure>\n\n\n\n<p><strong>Biograf\u00eda:<\/strong><br>\u26a1South Side Connection naci\u00f3 en <strong>2019<\/strong> con el prop\u00f3sito de construir una comunidad de<strong> b-boys y b-girls<\/strong> en el sur de Madrid, con el objetivo de promover el desarrollo art\u00edstico y colectivo del breaking en la regi\u00f3n.<\/p>\n\n\n\n<p>A pesar de una participaci\u00f3n inicial limitada, un peque\u00f1o grupo de los miembros viaj\u00f3 a <strong>B\u00e9lgica<\/strong> a participar en una <strong>competici\u00f3n internacional<\/strong>, en el que terminaron <strong>ganando<\/strong>. Esta experiencia no solo fortaleci\u00f3 el v\u00ednculo entre sus miembros, sino que tambi\u00e9n marc\u00f3 el inicio oficial del grupo. Desde entonces, se ha convertido en uno de los m\u00e1s destacados<strong> grupos de la escena madrile\u00f1a<\/strong>. \ud83d\udca5<\/p>\n\n\n\n<p><strong>South Side Connection<\/strong> est\u00e1 definido por su <strong>versatilidad, diversidad de estilos, originalidad, frescura<\/strong>, y una especial atenci\u00f3n al trabajo coreogr\u00e1fico, lo que lo convierte en un grupo de referencia dentro del <strong>breaking nacional<\/strong>. Actualmente, la crew se compone de 13 miembros:<strong> Cejax, Momo, Lola, Fiw, Rantaro, Drive, Lil Davier, Corzo, Ceju, Alessanto, Charles White Shark, Nato, <\/strong>y<strong> Masic<\/strong>.<\/p>\n\n\n\n<p>\u2714\ufe0f <strong>Disponibles para eventos y actuaciones: danos tu idea y nosotros le pondremos el ritmo.<\/strong><br>\ud83d\udccd <strong>Localizaci\u00f3n:<\/strong> Madrid (ES)<br>\ud83e\udd38\u200d\u2642\ufe0f <strong>Formato del show:<\/strong> Actuaciones, batallas de exhibici\u00f3n, coreograf\u00edas, cyphers, desde 2 breakers hasta el grupo completo.<br>\ud83c\udfb5 <strong>G\u00e9neros:<\/strong> Breaking, Break Dance, Urban Dance, baile acrob\u00e1tico<\/p>\n\n\n\n<p><\/p>\n\n\n\n<h2 class=\"wp-block-heading\">Galer\u00eda de obras:<\/h2>\n\n\n\n<div class=\"wp-block-columns is-layout-flex wp-container-core-columns-is-layout-28f84493 wp-block-columns-is-layout-flex\">\n<div class=\"wp-block-column is-layout-flow wp-block-column-is-layout-flow\" style=\"flex-basis:33.34%\">\n<figure class=\"wp-block-video\"><video controls poster=\"https:\/\/acap.es\/wp-content\/uploads\/2025\/07\/image1.jpeg\" src=\"https:\/\/acap.es\/wp-content\/uploads\/2025\/07\/Video_1.mov\"><\/video><\/figure>\n<\/div>\n\n\n\n<div class=\"wp-block-column is-layout-flow wp-block-column-is-layout-flow\" style=\"flex-basis:33.33%\">\n<figure class=\"wp-block-video\"><video controls poster=\"https:\/\/acap.es\/wp-content\/uploads\/2025\/07\/image1.jpeg\" src=\"https:\/\/acap.es\/wp-content\/uploads\/2025\/07\/Video_2.mov\"><\/video><\/figure>\n<\/div>\n\n\n\n<div class=\"wp-block-column is-layout-flow wp-block-column-is-layout-flow\" style=\"flex-basis:33.33%\">\n<figure style=\"margin-top:0;margin-bottom:0;padding-top:0;padding-bottom:0\" class=\"wp-block-video\"><video controls poster=\"https:\/\/acap.es\/wp-content\/uploads\/2025\/07\/image1.jpeg\" src=\"https:\/\/acap.es\/wp-content\/uploads\/2025\/07\/Video-3.mov\"><\/video><\/figure>\n<\/div>\n<\/div>\n\n\n\n<h2 class=\"wp-block-heading\">Redes sociales<\/h2>\n\n\n\n<ul class=\"wp-block-list\">\n<li><a href=\"https:\/\/www.instagram.com\/south_side_connection\/?igsh=MTgyNDh5ZWJ3a2owcA%3D%3D#\" target=\"_blank\" rel=\"noreferrer noopener\">Instagram<\/a><\/li>\n<\/ul>\n\n\n\n<p><\/p>","protected":false},"excerpt":{"rendered":"<p>South Side Connection (Break dance) Biography:\u26a1South Side Connection was born in 2019 with the purpose of building a community of b-boys and b-girls in the south of Madrid, promoting the artistic and collective development of breaking in the region. Despite limited initial involvement, a small group of members traveled to Belgium to participate in an [&hellip;]<\/p>","protected":false},"author":1,"featured_media":0,"parent":0,"menu_order":0,"comment_status":"closed","ping_status":"closed","template":"","meta":{"footnotes":""},"class_list":["post-361","page","type-page","status-publish","hentry"],"_links":{"self":[{"href":"https:\/\/acap.es\/es\/wp-json\/wp\/v2\/pages\/361","targetHints":{"allow":["GET"]}}],"collection":[{"href":"https:\/\/acap.es\/es\/wp-json\/wp\/v2\/pages"}],"about":[{"href":"https:\/\/acap.es\/es\/wp-json\/wp\/v2\/types\/page"}],"author":[{"embeddable":true,"href":"https:\/\/acap.es\/es\/wp-json\/wp\/v2\/users\/1"}],"replies":[{"embeddable":true,"href":"https:\/\/acap.es\/es\/wp-json\/wp\/v2\/comments?post=361"}],"version-history":[{"count":9,"href":"https:\/\/acap.es\/es\/wp-json\/wp\/v2\/pages\/361\/revisions"}],"predecessor-version":[{"id":444,"href":"https:\/\/acap.es\/es\/wp-json\/wp\/v2\/pages\/361\/revisions\/444"}],"wp:attachment":[{"href":"https:\/\/acap.es\/es\/wp-json\/wp\/v2\/media?parent=361"}],"curies":[{"name":"wp","href":"https:\/\/api.w.org\/{rel}","templated":true}]}}