{"id":5,"date":"2025-07-17T13:28:16","date_gmt":"2025-07-17T13:28:16","guid":{"rendered":"https:\/\/plum-swan-527253.hostingersite.com\/artists\/"},"modified":"2025-09-29T18:32:11","modified_gmt":"2025-09-29T18:32:11","slug":"artists","status":"publish","type":"page","link":"https:\/\/acap.es\/es\/artists\/","title":{"rendered":"Artistas"},"content":{"rendered":"<div class=\"wp-block-group alignfull hostinger-ai-gallery-3 hostinger-ai-fade-up is-layout-flow wp-block-group-is-layout-flow\" data-aos=\"fade-up\">\n<div class=\"wp-block-group alignwide hostinger-ai-fade-up has-global-padding is-layout-constrained wp-block-group-is-layout-constrained\" data-aos=\"fade-up\" style=\"padding-top:var(--wp--preset--spacing--60);padding-bottom:var(--wp--preset--spacing--60)\">\n<h2 class=\"wp-block-heading has-text-align-center hostinger-ai-title has-dark-color has-text-color has-link-color has-x-large-font-size wp-elements-008075194fe9f9319f1eccfee6e0f623\" style=\"margin-top:0;margin-right:0;margin-bottom:var(--wp--preset--spacing--20);margin-left:0\">Portafolio de Artistas<\/h2>\n\n\n\n<p class=\"has-text-align-center hostinger-ai-description has-dark-color has-text-color has-link-color has-medium-font-size wp-elements-2fbd571693079de4475b0c7164c1d886\" style=\"margin-top:0;margin-bottom:0\">Los mejores artistas para festivales y promotores en los g\u00e9neros de rap, reggae y DJ.<\/p>\n<\/div>\n\n\n\n<div class=\"wp-block-group hostinger-ai-fade-up has-global-padding is-layout-constrained wp-block-group-is-layout-constrained\" data-aos=\"fade-up\" style=\"margin-top:0\">\n<div class=\"wp-block-group alignwide hostinger-ai-fade-up is-content-justification-center is-nowrap is-layout-flex wp-container-core-group-is-layout-23441af8 wp-block-group-is-layout-flex\" data-aos=\"fade-up\">\n<figure class=\"wp-block-image size-full is-resized has-custom-border hostinger-ai-image hostinger-index-8\"><a href=\"https:\/\/acap.es\/es\/pagina-para-artistas\/\"><img loading=\"lazy\" decoding=\"async\" width=\"2038\" height=\"2048\" src=\"https:\/\/acap.es\/wp-content\/uploads\/2025\/07\/denso.jpeg\" alt=\"\" class=\"wp-image-206\" style=\"border-radius:20px;width:272px;height:auto\" srcset=\"https:\/\/acap.es\/wp-content\/uploads\/2025\/07\/denso.jpeg 2038w, https:\/\/acap.es\/wp-content\/uploads\/2025\/07\/denso-300x300.jpeg 300w, https:\/\/acap.es\/wp-content\/uploads\/2025\/07\/denso-1019x1024.jpeg 1019w, https:\/\/acap.es\/wp-content\/uploads\/2025\/07\/denso-150x150.jpeg 150w, https:\/\/acap.es\/wp-content\/uploads\/2025\/07\/denso-768x772.jpeg 768w, https:\/\/acap.es\/wp-content\/uploads\/2025\/07\/denso-1529x1536.jpeg 1529w\" sizes=\"auto, (max-width: 2038px) 100vw, 2038px\" \/><\/a><\/figure>\n\n\n\n<figure class=\"wp-block-image size-full is-resized has-custom-border hostinger-ai-image hostinger-index-9\"><a href=\"https:\/\/acap.es\/es\/hermano-l\/\"><img loading=\"lazy\" decoding=\"async\" width=\"2048\" height=\"2048\" src=\"https:\/\/acap.es\/wp-content\/uploads\/2025\/07\/hermano-ele2-1.jpg\" alt=\"\" class=\"wp-image-204\" style=\"border-radius:20px;width:272px\" srcset=\"https:\/\/acap.es\/wp-content\/uploads\/2025\/07\/hermano-ele2-1.jpg 2048w, https:\/\/acap.es\/wp-content\/uploads\/2025\/07\/hermano-ele2-1-300x300.jpg 300w, https:\/\/acap.es\/wp-content\/uploads\/2025\/07\/hermano-ele2-1-1024x1024.jpg 1024w, https:\/\/acap.es\/wp-content\/uploads\/2025\/07\/hermano-ele2-1-150x150.jpg 150w, https:\/\/acap.es\/wp-content\/uploads\/2025\/07\/hermano-ele2-1-768x768.jpg 768w, https:\/\/acap.es\/wp-content\/uploads\/2025\/07\/hermano-ele2-1-1536x1536.jpg 1536w\" sizes=\"auto, (max-width: 2048px) 100vw, 2048px\" \/><\/a><\/figure>\n\n\n\n<figure class=\"wp-block-image size-full is-resized has-custom-border hostinger-ai-image hostinger-index-10\"><a href=\"https:\/\/acap.es\/es\/dhsa\/\"><img loading=\"lazy\" decoding=\"async\" width=\"2038\" height=\"2048\" src=\"https:\/\/acap.es\/wp-content\/uploads\/2025\/07\/desa-inicio-1.jpeg\" alt=\"\" class=\"wp-image-230\" style=\"border-radius:20px;width:272px\" srcset=\"https:\/\/acap.es\/wp-content\/uploads\/2025\/07\/desa-inicio-1.jpeg 2038w, https:\/\/acap.es\/wp-content\/uploads\/2025\/07\/desa-inicio-1-300x300.jpeg 300w, https:\/\/acap.es\/wp-content\/uploads\/2025\/07\/desa-inicio-1-1019x1024.jpeg 1019w, https:\/\/acap.es\/wp-content\/uploads\/2025\/07\/desa-inicio-1-150x150.jpeg 150w, https:\/\/acap.es\/wp-content\/uploads\/2025\/07\/desa-inicio-1-768x772.jpeg 768w, https:\/\/acap.es\/wp-content\/uploads\/2025\/07\/desa-inicio-1-1529x1536.jpeg 1529w\" sizes=\"auto, (max-width: 2038px) 100vw, 2038px\" \/><\/a><\/figure>\n\n\n\n<figure class=\"wp-block-image size-full is-resized has-custom-border hostinger-ai-image hostinger-index-11\"><a href=\"https:\/\/acap.es\/es\/miss-davis-the-forty-fives\/\"><img loading=\"lazy\" decoding=\"async\" width=\"1024\" height=\"1024\" src=\"https:\/\/acap.es\/wp-content\/uploads\/2025\/09\/shirley5.png\" alt=\"\" class=\"wp-image-485\" style=\"border-radius:20px;width:272px\" srcset=\"https:\/\/acap.es\/wp-content\/uploads\/2025\/09\/shirley5.png 1024w, https:\/\/acap.es\/wp-content\/uploads\/2025\/09\/shirley5-300x300.png 300w, https:\/\/acap.es\/wp-content\/uploads\/2025\/09\/shirley5-150x150.png 150w, https:\/\/acap.es\/wp-content\/uploads\/2025\/09\/shirley5-768x768.png 768w, https:\/\/acap.es\/wp-content\/uploads\/2025\/09\/shirley5-12x12.png 12w\" sizes=\"auto, (max-width: 1024px) 100vw, 1024px\" \/><\/a><\/figure>\n<\/div>\n\n\n\n<div class=\"wp-block-group alignwide hostinger-ai-fade-up is-content-justification-center is-nowrap is-layout-flex wp-container-core-group-is-layout-23441af8 wp-block-group-is-layout-flex\" data-aos=\"fade-up\">\n<figure class=\"wp-block-image size-full is-resized has-custom-border hostinger-ai-image hostinger-index-12\"><a href=\"https:\/\/acap.es\/es\/zenit\/\"><img loading=\"lazy\" decoding=\"async\" width=\"1024\" height=\"1024\" src=\"https:\/\/acap.es\/wp-content\/uploads\/2025\/07\/foto-intro1.png\" alt=\"\" class=\"wp-image-281\" style=\"border-radius:20px;width:272px\" srcset=\"https:\/\/acap.es\/wp-content\/uploads\/2025\/07\/foto-intro1.png 1024w, https:\/\/acap.es\/wp-content\/uploads\/2025\/07\/foto-intro1-300x300.png 300w, https:\/\/acap.es\/wp-content\/uploads\/2025\/07\/foto-intro1-150x150.png 150w, https:\/\/acap.es\/wp-content\/uploads\/2025\/07\/foto-intro1-768x768.png 768w\" sizes=\"auto, (max-width: 1024px) 100vw, 1024px\" \/><\/a><\/figure>\n\n\n\n<figure class=\"wp-block-image size-full is-resized has-custom-border hostinger-ai-image hostinger-index-13\"><a href=\"https:\/\/acap.es\/es\/bubu-jay\/\"><img loading=\"lazy\" decoding=\"async\" width=\"1024\" height=\"1024\" src=\"https:\/\/acap.es\/wp-content\/uploads\/2025\/07\/bubu-intro2.png\" alt=\"\" class=\"wp-image-308\" style=\"border-radius:20px;width:272px\" srcset=\"https:\/\/acap.es\/wp-content\/uploads\/2025\/07\/bubu-intro2.png 1024w, https:\/\/acap.es\/wp-content\/uploads\/2025\/07\/bubu-intro2-300x300.png 300w, https:\/\/acap.es\/wp-content\/uploads\/2025\/07\/bubu-intro2-150x150.png 150w, https:\/\/acap.es\/wp-content\/uploads\/2025\/07\/bubu-intro2-768x768.png 768w\" sizes=\"auto, (max-width: 1024px) 100vw, 1024px\" \/><\/a><\/figure>\n\n\n\n<figure class=\"wp-block-image size-full is-resized has-custom-border hostinger-ai-image hostinger-index-15\"><a href=\"https:\/\/acap.es\/es\/ari-13-23\/\"><img loading=\"lazy\" decoding=\"async\" width=\"1024\" height=\"1024\" src=\"https:\/\/acap.es\/wp-content\/uploads\/2025\/07\/foto-portada2.png\" alt=\"\" class=\"wp-image-333\" style=\"border-radius:20px;width:272px\" srcset=\"https:\/\/acap.es\/wp-content\/uploads\/2025\/07\/foto-portada2.png 1024w, https:\/\/acap.es\/wp-content\/uploads\/2025\/07\/foto-portada2-300x300.png 300w, https:\/\/acap.es\/wp-content\/uploads\/2025\/07\/foto-portada2-150x150.png 150w, https:\/\/acap.es\/wp-content\/uploads\/2025\/07\/foto-portada2-768x768.png 768w\" sizes=\"auto, (max-width: 1024px) 100vw, 1024px\" \/><\/a><\/figure>\n\n\n\n<figure class=\"wp-block-image size-full is-resized has-custom-border hostinger-ai-image hostinger-index-14\"><a href=\"https:\/\/acap.es\/es\/south-side-connection\/\"><img loading=\"lazy\" decoding=\"async\" width=\"1024\" height=\"1024\" src=\"https:\/\/acap.es\/wp-content\/uploads\/2025\/07\/FOTO-PORTADA-1.png\" alt=\"\" class=\"wp-image-379\" style=\"border-radius:20px;width:272px\" srcset=\"https:\/\/acap.es\/wp-content\/uploads\/2025\/07\/FOTO-PORTADA-1.png 1024w, https:\/\/acap.es\/wp-content\/uploads\/2025\/07\/FOTO-PORTADA-1-300x300.png 300w, https:\/\/acap.es\/wp-content\/uploads\/2025\/07\/FOTO-PORTADA-1-150x150.png 150w, https:\/\/acap.es\/wp-content\/uploads\/2025\/07\/FOTO-PORTADA-1-768x768.png 768w\" sizes=\"auto, (max-width: 1024px) 100vw, 1024px\" \/><\/a><\/figure>\n<\/div>\n<\/div>\n<\/div>\n\n\n\n<div class=\"wp-block-group alignfull hostinger-ai-gallery-3 hostinger-ai-fade-up is-layout-flow wp-block-group-is-layout-flow\" data-aos=\"fade-up\">\n<div class=\"wp-block-group hostinger-ai-fade-up has-global-padding is-layout-constrained wp-block-group-is-layout-constrained\" data-aos=\"fade-up\" style=\"margin-top:0\">\n<div class=\"wp-block-group alignwide hostinger-ai-fade-up is-content-justification-center is-nowrap is-layout-flex wp-container-core-group-is-layout-23441af8 wp-block-group-is-layout-flex\" data-aos=\"fade-up\">\n<figure class=\"wp-block-image size-full is-resized has-custom-border hostinger-ai-image hostinger-index-12\"><a href=\"https:\/\/acap.es\/es\/dj-est\/\"><img loading=\"lazy\" decoding=\"async\" width=\"1024\" height=\"1024\" src=\"https:\/\/acap.es\/wp-content\/uploads\/2025\/07\/foto-intro2.png\" alt=\"\" class=\"wp-image-273\" style=\"border-radius:20px;width:272px\" srcset=\"https:\/\/acap.es\/wp-content\/uploads\/2025\/07\/foto-intro2.png 1024w, https:\/\/acap.es\/wp-content\/uploads\/2025\/07\/foto-intro2-300x300.png 300w, https:\/\/acap.es\/wp-content\/uploads\/2025\/07\/foto-intro2-150x150.png 150w, https:\/\/acap.es\/wp-content\/uploads\/2025\/07\/foto-intro2-768x768.png 768w\" sizes=\"auto, (max-width: 1024px) 100vw, 1024px\" \/><\/a><\/figure>\n\n\n\n<figure class=\"wp-block-image size-full is-resized has-custom-border hostinger-ai-image hostinger-index-13\"><a href=\"https:\/\/acap.es\/es\/dj-lazer\/\"><img loading=\"lazy\" decoding=\"async\" width=\"2038\" height=\"2048\" src=\"https:\/\/acap.es\/wp-content\/uploads\/2025\/07\/lazer-en-grande.jpeg\" alt=\"\" class=\"wp-image-217\" style=\"border-radius:20px;width:272px\" srcset=\"https:\/\/acap.es\/wp-content\/uploads\/2025\/07\/lazer-en-grande.jpeg 2038w, https:\/\/acap.es\/wp-content\/uploads\/2025\/07\/lazer-en-grande-300x300.jpeg 300w, https:\/\/acap.es\/wp-content\/uploads\/2025\/07\/lazer-en-grande-1019x1024.jpeg 1019w, https:\/\/acap.es\/wp-content\/uploads\/2025\/07\/lazer-en-grande-150x150.jpeg 150w, https:\/\/acap.es\/wp-content\/uploads\/2025\/07\/lazer-en-grande-768x772.jpeg 768w, https:\/\/acap.es\/wp-content\/uploads\/2025\/07\/lazer-en-grande-1529x1536.jpeg 1529w\" sizes=\"auto, (max-width: 2038px) 100vw, 2038px\" \/><\/a><\/figure>\n\n\n\n<figure class=\"wp-block-image size-full is-resized has-custom-border hostinger-ai-image hostinger-index-14\"><a href=\"https:\/\/acap.es\/es\/dj-pepo-starr\/\"><img loading=\"lazy\" decoding=\"async\" width=\"1024\" height=\"1024\" src=\"https:\/\/acap.es\/wp-content\/uploads\/2025\/07\/djota-pe.png\" alt=\"\" class=\"wp-image-298\" style=\"border-radius:20px;width:272px\" srcset=\"https:\/\/acap.es\/wp-content\/uploads\/2025\/07\/djota-pe.png 1024w, https:\/\/acap.es\/wp-content\/uploads\/2025\/07\/djota-pe-300x300.png 300w, https:\/\/acap.es\/wp-content\/uploads\/2025\/07\/djota-pe-150x150.png 150w, https:\/\/acap.es\/wp-content\/uploads\/2025\/07\/djota-pe-768x768.png 768w\" sizes=\"auto, (max-width: 1024px) 100vw, 1024px\" \/><\/a><\/figure>\n\n\n\n<figure class=\"wp-block-image size-full is-resized has-custom-border hostinger-ai-image hostinger-index-15\"><a href=\"https:\/\/acap.es\/es\/gran-master-mich\/\"><img loading=\"lazy\" decoding=\"async\" width=\"2038\" height=\"2048\" src=\"https:\/\/acap.es\/wp-content\/uploads\/2025\/07\/mich-intro.jpeg\" alt=\"\" class=\"wp-image-236\" style=\"border-radius:20px;width:272px\" srcset=\"https:\/\/acap.es\/wp-content\/uploads\/2025\/07\/mich-intro.jpeg 2038w, https:\/\/acap.es\/wp-content\/uploads\/2025\/07\/mich-intro-300x300.jpeg 300w, https:\/\/acap.es\/wp-content\/uploads\/2025\/07\/mich-intro-1019x1024.jpeg 1019w, https:\/\/acap.es\/wp-content\/uploads\/2025\/07\/mich-intro-150x150.jpeg 150w, https:\/\/acap.es\/wp-content\/uploads\/2025\/07\/mich-intro-768x772.jpeg 768w, https:\/\/acap.es\/wp-content\/uploads\/2025\/07\/mich-intro-1529x1536.jpeg 1529w\" sizes=\"auto, (max-width: 2038px) 100vw, 2038px\" \/><\/a><\/figure>\n<\/div>\n<\/div>\n<\/div>\n\n\n\n<div class=\"wp-block-group alignfull hostinger-ai-our-projects-2 hostinger-ai-fade-up has-global-padding is-layout-constrained wp-block-group-is-layout-constrained\" data-aos=\"fade-up\">\n<div class=\"wp-block-group alignwide hostinger-ai-fade-up has-global-padding is-content-justification-left is-layout-constrained wp-container-core-group-is-layout-12dd3699 wp-block-group-is-layout-constrained\" data-aos=\"fade-up\">\n<h2 class=\"wp-block-heading has-text-align-left is-style-default hostinger-ai-title has-dark-color has-text-color has-link-color has-x-large-font-size wp-elements-c9c597bc062109cba60582c8308dd187\" style=\"margin-bottom:var(--wp--preset--spacing--30)\">Muestra del Portafolio de Artistas<\/h2>\n<\/div>\n\n\n\n<div class=\"wp-block-group alignwide project-item hostinger-ai-fade-up is-layout-grid wp-container-core-group-is-layout-be66fcb3 wp-block-group-is-layout-grid\" data-aos=\"fade-up\" style=\"padding-top:var(--wp--preset--spacing--40);padding-right:0;padding-bottom:var(--wp--preset--spacing--60);padding-left:0\">\n<div class=\"wp-block-group hostinger-ai-fade-up has-global-padding is-layout-constrained wp-block-group-is-layout-constrained\" data-aos=\"fade-up\">\n<figure class=\"wp-block-image size-full has-custom-border hostinger-ai-project-image hostinger-index-3\"><img loading=\"lazy\" decoding=\"async\" width=\"1024\" height=\"684\" src=\"https:\/\/acap.es\/wp-content\/uploads\/2025\/07\/concertio-1024x684-1.jpg\" alt=\"\" class=\"wp-image-141\" style=\"border-radius:20px\" srcset=\"https:\/\/acap.es\/wp-content\/uploads\/2025\/07\/concertio-1024x684-1.jpg 1024w, https:\/\/acap.es\/wp-content\/uploads\/2025\/07\/concertio-1024x684-1-300x200.jpg 300w, https:\/\/acap.es\/wp-content\/uploads\/2025\/07\/concertio-1024x684-1-768x513.jpg 768w\" sizes=\"auto, (max-width: 1024px) 100vw, 1024px\" \/><\/figure>\n<\/div>\n\n\n\n<div class=\"wp-block-group project-item-content hostinger-ai-fade-up wp-container-content-5e2576f9 is-vertical is-content-justification-left is-nowrap is-layout-flex wp-container-core-group-is-layout-cb02dbd6 wp-block-group-is-layout-flex\" data-aos=\"fade-up\" style=\"padding-right:var(--wp--preset--spacing--60);padding-left:var(--wp--preset--spacing--60)\">\n<h2 class=\"wp-block-heading hostinger-ai-project-title has-dark-color has-text-color has-link-color has-x-large-font-size wp-elements-3ba381a98af13dcb94994fa6cc4102f3\" style=\"margin-top:0;margin-right:0;margin-bottom:0;margin-left:0;padding-bottom:var(--wp--preset--spacing--20)\">Representaci\u00f3n de Talentos Diversos<\/h2>\n\n\n\n<p class=\"hostinger-ai-project-description has-dark-color has-text-color has-link-color has-medium-font-size wp-elements-48a7188e02387bf518f9f7a6432c1968\" style=\"margin-top:0;margin-bottom:var(--wp--preset--spacing--50)\">Explora nuestra cuidada selecci\u00f3n de artistas con talento, con perfiles que incluyen impresionantes elementos visuales, videos cautivadores y biograf\u00edas completas. Conecta con lo mejor del rap, reggae y actuaciones de DJ para tus eventos.<\/p>\n<\/div>\n<\/div>\n\n\n\n<div class=\"wp-block-group alignwide project-item hostinger-ai-fade-up is-layout-grid wp-container-core-group-is-layout-be66fcb3 wp-block-group-is-layout-grid\" data-aos=\"fade-up\" style=\"padding-top:var(--wp--preset--spacing--40);padding-right:0;padding-bottom:var(--wp--preset--spacing--60);padding-left:0\">\n<div class=\"wp-block-group hostinger-ai-fade-up has-global-padding is-layout-constrained wp-block-group-is-layout-constrained\" data-aos=\"fade-up\">\n<figure class=\"wp-block-image size-full has-custom-border hostinger-ai-project-image hostinger-index-4\"><img loading=\"lazy\" decoding=\"async\" width=\"828\" height=\"611\" src=\"https:\/\/acap.es\/wp-content\/uploads\/2025\/07\/IMG_3822-1.jpg\" alt=\"\" class=\"wp-image-42\" style=\"border-radius:20px\" srcset=\"https:\/\/acap.es\/wp-content\/uploads\/2025\/07\/IMG_3822-1.jpg 828w, https:\/\/acap.es\/wp-content\/uploads\/2025\/07\/IMG_3822-1-300x221.jpg 300w, https:\/\/acap.es\/wp-content\/uploads\/2025\/07\/IMG_3822-1-768x567.jpg 768w\" sizes=\"auto, (max-width: 828px) 100vw, 828px\" \/><\/figure>\n<\/div>\n\n\n\n<div class=\"wp-block-group project-item-content hostinger-ai-fade-up wp-container-content-5e2576f9 is-vertical is-content-justification-left is-nowrap is-layout-flex wp-container-core-group-is-layout-cb02dbd6 wp-block-group-is-layout-flex\" data-aos=\"fade-up\" style=\"padding-right:var(--wp--preset--spacing--60);padding-left:var(--wp--preset--spacing--60)\">\n<h2 class=\"wp-block-heading hostinger-ai-project-title hostinger-index-1 has-dark-color has-text-color has-link-color has-x-large-font-size wp-elements-9ae50c5aacf40ea4a0c1273db5e9e883\" style=\"margin-top:0;margin-right:0;margin-bottom:0;margin-left:0;padding-bottom:var(--wp--preset--spacing--20)\">Servicios de Contrataci\u00f3n<\/h2>\n\n\n\n<p class=\"hostinger-ai-project-description hostinger-index-1 has-dark-color has-text-color has-link-color has-medium-font-size wp-elements-7e3c216a3ca270eae8063265df6790dd\" style=\"margin-top:0;margin-bottom:var(--wp--preset--spacing--50)\">Ofrecemos servicios de contrataci\u00f3n profesionales y personalizados para festivales y promotores. Nuestra experiencia garantiza una coordinaci\u00f3n fluida y experiencias excepcionales con artistas de primer nivel en la industria musical.<\/p>\n<\/div>\n<\/div>\n\n\n\n<div class=\"wp-block-group alignwide project-item hostinger-ai-fade-up is-layout-grid wp-container-core-group-is-layout-d462a945 wp-block-group-is-layout-grid\" data-aos=\"fade-up\" style=\"padding-top:var(--wp--preset--spacing--40);padding-right:0;padding-bottom:0;padding-left:0\">\n<div class=\"wp-block-group hostinger-ai-fade-up has-global-padding is-layout-constrained wp-block-group-is-layout-constrained\" data-aos=\"fade-up\">\n<figure class=\"wp-block-image size-full has-custom-border hostinger-ai-project-image hostinger-index-5\"><img decoding=\"async\" src=\"https:\/\/images.unsplash.com\/photo-1533027756042-b5b7be1fe7f5?q=85&amp;w=584&amp;h=438&amp;fit=crop\" alt=\"A concert venue illuminated with vibrant blue and purple lights, showcasing a large stage with performers. An overhead circular structure is present, adding to the modern ambiance. The audience is dimly visible, focusing their attention on the performance.\" class=\"wp-image-18\" style=\"border-radius:20px\"\/><\/figure>\n<\/div>\n\n\n\n<div class=\"wp-block-group project-item-content hostinger-ai-fade-up wp-container-content-5e2576f9 is-vertical is-content-justification-left is-nowrap is-layout-flex wp-container-core-group-is-layout-cb02dbd6 wp-block-group-is-layout-flex\" data-aos=\"fade-up\" style=\"padding-right:var(--wp--preset--spacing--60);padding-left:var(--wp--preset--spacing--60)\">\n<h2 class=\"wp-block-heading hostinger-ai-project-title hostinger-index-2 has-dark-color has-text-color has-link-color has-x-large-font-size wp-elements-f91560ac7f266e28470b5e7657d82a5b\" style=\"margin-top:0;margin-right:0;margin-bottom:0;margin-left:0;padding-bottom:var(--wp--preset--spacing--20)\">Expertos en Producci\u00f3n de Eventos<\/h2>\n\n\n\n<p class=\"hostinger-ai-project-description hostinger-index-2 has-dark-color has-text-color has-link-color has-medium-font-size wp-elements-fdae50aa9d44f3e2085cf876ff76a7ab\" style=\"margin-top:0;margin-bottom:var(--wp--preset--spacing--50)\">Nuestro equipo se especializa en la producci\u00f3n de eventos, ofreciendo experiencias inolvidables. Desde el concepto hasta la ejecuci\u00f3n, gestionamos todos los aspectos para asegurar que tu evento conecte con el p\u00fablico y resalte el talento de nuestros artistas.<\/p>\n<\/div>\n<\/div>\n<\/div>\n\n\n\n<div class=\"wp-block-group alignfull hostinger-ai-about-us-3 hostinger-ai-fade-up has-global-padding is-layout-constrained wp-block-group-is-layout-constrained\" data-aos=\"fade-up\">\n<div class=\"wp-block-group alignwide hostinger-ai-fade-up is-layout-grid wp-container-core-group-is-layout-422a8eaf wp-block-group-is-layout-grid\" data-aos=\"fade-up\" style=\"padding-top:var(--wp--preset--spacing--60);padding-right:0;padding-bottom:var(--wp--preset--spacing--60);padding-left:0\">\n<div class=\"wp-block-group hostinger-ai-fade-up wp-container-content-5e2576f9 is-vertical is-content-justification-left is-nowrap is-layout-flex wp-container-core-group-is-layout-f26a4d82 wp-block-group-is-layout-flex\" data-aos=\"fade-up\" style=\"padding-right:var(--wp--preset--spacing--60);padding-left:0\">\n<h2 class=\"wp-block-heading hostinger-ai-title has-dark-color has-text-color has-link-color has-x-large-font-size wp-elements-873540be46d063340d8a44994163de66\" style=\"margin-top:0;margin-right:0;margin-bottom:0;margin-left:0;padding-bottom:var(--wp--preset--spacing--20)\">Nuestros artistas<\/h2>\n\n\n\n<p class=\"hostinger-ai-description has-dark-color has-text-color has-link-color has-medium-font-size wp-elements-322a0a696a9f2d4d33f2e676f5096c8b\" style=\"margin-top:0;margin-bottom:var(--wp--preset--spacing--50)\">Descubre a nuestros talentosos artistas especializados en rap, reggae y actuaciones de DJ, listos para elevar tus festivales y eventos con sus sonidos \u00fanicos.<\/p>\n\n\n\n<div class=\"wp-block-buttons is-layout-flex wp-block-buttons-is-layout-flex\">\n<div class=\"wp-block-button hostinger-ai-cta-button hostinger-index-0\"><a class=\"wp-block-button__link has-dark-color has-text-color has-link-color has-border-color has-medium-font-size has-custom-font-size wp-element-button\" href=\"https:\/\/acap.es\/es\/artists\/\" style=\"border-color:#0d141a;border-width:1px;border-radius:50px;padding-top:var(--wp--preset--spacing--30);padding-right:var(--wp--preset--spacing--70);padding-bottom:var(--wp--preset--spacing--30);padding-left:var(--wp--preset--spacing--70);box-shadow:none\">Ver perfiles<\/a><\/div>\n<\/div>\n<\/div>\n\n\n\n<div class=\"wp-block-group hostinger-ai-fade-up is-layout-grid wp-container-core-group-is-layout-478b6e6b wp-block-group-is-layout-grid\" data-aos=\"fade-up\">\n<figure class=\"wp-block-image size-full has-custom-border hostinger-ai-image hostinger-index-4 wp-container-content-69bc4bdf\"><img loading=\"lazy\" decoding=\"async\" width=\"828\" height=\"823\" src=\"https:\/\/acap.es\/wp-content\/uploads\/2025\/07\/IMG_3819.jpg\" alt=\"\" class=\"wp-image-44\" style=\"border-radius:20px\" srcset=\"https:\/\/acap.es\/wp-content\/uploads\/2025\/07\/IMG_3819.jpg 828w, https:\/\/acap.es\/wp-content\/uploads\/2025\/07\/IMG_3819-300x298.jpg 300w, https:\/\/acap.es\/wp-content\/uploads\/2025\/07\/IMG_3819-150x150.jpg 150w, https:\/\/acap.es\/wp-content\/uploads\/2025\/07\/IMG_3819-768x763.jpg 768w\" sizes=\"auto, (max-width: 828px) 100vw, 828px\" \/><\/figure>\n\n\n\n<figure class=\"wp-block-image size-full has-custom-border hostinger-ai-image hostinger-index-5\"><img loading=\"lazy\" decoding=\"async\" width=\"828\" height=\"820\" src=\"https:\/\/acap.es\/wp-content\/uploads\/2025\/07\/IMG_3827.jpg\" alt=\"\" class=\"wp-image-46\" style=\"border-radius:20px\" srcset=\"https:\/\/acap.es\/wp-content\/uploads\/2025\/07\/IMG_3827.jpg 828w, https:\/\/acap.es\/wp-content\/uploads\/2025\/07\/IMG_3827-300x297.jpg 300w, https:\/\/acap.es\/wp-content\/uploads\/2025\/07\/IMG_3827-150x150.jpg 150w, https:\/\/acap.es\/wp-content\/uploads\/2025\/07\/IMG_3827-768x761.jpg 768w\" sizes=\"auto, (max-width: 828px) 100vw, 828px\" \/><\/figure>\n<\/div>\n<\/div>\n<\/div>","protected":false},"excerpt":{"rendered":"<p>Artist Portfolio Showcasing talented artists for festivals and promoters in rap, reggae, and DJ scenes. Artist Portfolio Showcase Diverse Talent Representation Explore our curated selection of talented artists, featuring profiles with stunning visuals, engaging videos, and comprehensive bios. Connect with the best in rap, reggae, and DJ performances for your events. Booking Services Offered We [&hellip;]<\/p>","protected":false},"author":1,"featured_media":0,"parent":0,"menu_order":0,"comment_status":"closed","ping_status":"closed","template":"","meta":{"footnotes":""},"class_list":["post-5","page","type-page","status-publish","hentry"],"_links":{"self":[{"href":"https:\/\/acap.es\/es\/wp-json\/wp\/v2\/pages\/5","targetHints":{"allow":["GET"]}}],"collection":[{"href":"https:\/\/acap.es\/es\/wp-json\/wp\/v2\/pages"}],"about":[{"href":"https:\/\/acap.es\/es\/wp-json\/wp\/v2\/types\/page"}],"author":[{"embeddable":true,"href":"https:\/\/acap.es\/es\/wp-json\/wp\/v2\/users\/1"}],"replies":[{"embeddable":true,"href":"https:\/\/acap.es\/es\/wp-json\/wp\/v2\/comments?post=5"}],"version-history":[{"count":65,"href":"https:\/\/acap.es\/es\/wp-json\/wp\/v2\/pages\/5\/revisions"}],"predecessor-version":[{"id":487,"href":"https:\/\/acap.es\/es\/wp-json\/wp\/v2\/pages\/5\/revisions\/487"}],"wp:attachment":[{"href":"https:\/\/acap.es\/es\/wp-json\/wp\/v2\/media?parent=5"}],"curies":[{"name":"wp","href":"https:\/\/api.w.org\/{rel}","templated":true}]}}