{"id":6,"date":"2025-07-17T13:28:17","date_gmt":"2025-07-17T13:28:17","guid":{"rendered":"https:\/\/plum-swan-527253.hostingersite.com\/services\/"},"modified":"2025-07-18T09:32:16","modified_gmt":"2025-07-18T09:32:16","slug":"services","status":"publish","type":"page","link":"https:\/\/acap.es\/es\/services\/","title":{"rendered":"Servicios"},"content":{"rendered":"<div class=\"wp-block-group alignwide hostinger-ai-our-services-4 hostinger-ai-fade-up has-global-padding is-layout-constrained wp-block-group-is-layout-constrained\" data-aos=\"fade-up\" style=\"padding-top:0;padding-bottom:0\">\n<div class=\"wp-block-group alignwide hostinger-ai-fade-up is-nowrap is-layout-flex wp-container-core-group-is-layout-4ac5639c wp-block-group-is-layout-flex\" data-aos=\"fade-up\" style=\"margin-bottom:0;padding-top:0;padding-bottom:var(--wp--preset--spacing--30)\">\n<div class=\"wp-block-columns is-layout-flex wp-container-core-columns-is-layout-28f84493 wp-block-columns-is-layout-flex\">\n<div class=\"wp-block-column is-layout-flow wp-block-column-is-layout-flow\" style=\"flex-basis:50%\">\n<h2 class=\"wp-block-heading hostinger-ai-service-title has-x-large-font-size\" style=\"margin-bottom:0\">Servicios Profesionales de Contrataci\u00f3n<\/h2>\n<\/div>\n\n\n\n<div class=\"wp-block-column is-vertically-aligned-center has-small-font-size has-global-padding is-layout-constrained wp-block-column-is-layout-constrained\" style=\"flex-basis:50%\">\n<p class=\"hostinger-ai-service-description has-medium-font-size\">Conectamos artistas con festivales y promotores, garantizando eventos y experiencias inolvidables.<\/p>\n<\/div>\n<\/div>\n<\/div>\n\n\n\n<div class=\"wp-block-group alignwide image-row hostinger-ai-fade-up is-nowrap is-layout-flex wp-container-core-group-is-layout-e122ece1 wp-block-group-is-layout-flex\" data-aos=\"fade-up\" style=\"margin-bottom:0;padding-top:var(--wp--preset--spacing--30)\">\n<figure class=\"wp-block-image size-full is-resized has-custom-border hostinger-ai-service-image hostinger-index-4\"><img loading=\"lazy\" decoding=\"async\" width=\"828\" height=\"460\" src=\"https:\/\/acap.es\/wp-content\/uploads\/2025\/07\/IMG_3824.jpg\" alt=\"\" class=\"wp-image-40\" style=\"border-radius:20px;width:640px;height:auto\" srcset=\"https:\/\/acap.es\/wp-content\/uploads\/2025\/07\/IMG_3824.jpg 828w, https:\/\/acap.es\/wp-content\/uploads\/2025\/07\/IMG_3824-300x167.jpg 300w, https:\/\/acap.es\/wp-content\/uploads\/2025\/07\/IMG_3824-768x427.jpg 768w\" sizes=\"auto, (max-width: 828px) 100vw, 828px\" \/><\/figure>\n\n\n\n<figure class=\"wp-block-image alignfull size-medium has-custom-border hostinger-ai-service-image hostinger-index-5\"><img loading=\"lazy\" decoding=\"async\" width=\"300\" height=\"297\" src=\"\/wp-content\/uploads\/2025\/07\/IMG_3818-300x297.jpg\" alt=\"\" class=\"wp-image-18\" style=\"border-radius:20px\" srcset=\"https:\/\/acap.es\/wp-content\/uploads\/2025\/07\/IMG_3818-300x297.jpg 300w, https:\/\/acap.es\/wp-content\/uploads\/2025\/07\/IMG_3818-150x150.jpg 150w, https:\/\/acap.es\/wp-content\/uploads\/2025\/07\/IMG_3818-768x761.jpg 768w, https:\/\/acap.es\/wp-content\/uploads\/2025\/07\/IMG_3818.jpg 828w\" sizes=\"auto, (max-width: 300px) 100vw, 300px\" \/><\/figure>\n<\/div>\n<\/div>\n\n\n\n<div class=\"wp-block-group alignfull hostinger-ai-our-projects-3 hostinger-ai-fade-up has-global-padding is-layout-constrained wp-block-group-is-layout-constrained\" data-aos=\"fade-up\">\n<div class=\"wp-block-group alignwide hostinger-ai-fade-up has-global-padding is-content-justification-left is-layout-constrained wp-container-core-group-is-layout-12dd3699 wp-block-group-is-layout-constrained\" data-aos=\"fade-up\">\n<h2 class=\"wp-block-heading has-text-align-left is-style-default hostinger-ai-title has-dark-color has-text-color has-link-color has-x-large-font-size wp-elements-527a031a8c78cfb9d4f79310446b45c8\" style=\"margin-bottom:var(--wp--preset--spacing--30)\">Desarrollo de portafolio de artistas<\/h2>\n<\/div>\n\n\n\n<div class=\"wp-block-group alignwide project-item hostinger-ai-fade-up is-layout-grid wp-container-core-group-is-layout-be66fcb3 wp-block-group-is-layout-grid\" data-aos=\"fade-up\" style=\"padding-top:var(--wp--preset--spacing--40);padding-right:0;padding-bottom:var(--wp--preset--spacing--60);padding-left:0\">\n<div class=\"wp-block-group project-item-content hostinger-ai-fade-up wp-container-content-5e2576f9 is-vertical is-content-justification-left is-nowrap is-layout-flex wp-container-core-group-is-layout-f26a4d82 wp-block-group-is-layout-flex\" data-aos=\"fade-up\" style=\"padding-right:var(--wp--preset--spacing--60);padding-left:0\">\n<h2 class=\"wp-block-heading hostinger-ai-project-title has-dark-color has-text-color has-link-color has-x-large-font-size wp-elements-4a599489a414a509f3c430e522b7cd7e\" style=\"margin-top:0;margin-right:0;margin-bottom:0;margin-left:0;padding-bottom:var(--wp--preset--spacing--20)\">Servicios de booking para eventos<\/h2>\n\n\n\n<p class=\"hostinger-ai-project-description has-dark-color has-text-color has-link-color has-medium-font-size wp-elements-ca16f318221b2424f94ad19f601c6c02\" style=\"margin-top:0;margin-bottom:var(--wp--preset--spacing--50)\">Nos especializamos en la creaci\u00f3n de portafolios de artistas comprometidos que exhiben el talento a trav\u00e9s de im\u00e1genes impactantes, videos atractivos y biograf\u00edas completas para atraer a promotores de festivales y organizadores de eventos de manera efectiva, y as\u00ed aumentar la visibilidad del artista.<\/p>\n<\/div>\n\n\n\n<div class=\"wp-block-group hostinger-ai-fade-up has-global-padding is-layout-constrained wp-block-group-is-layout-constrained\" data-aos=\"fade-up\">\n<figure class=\"wp-block-image size-full is-resized has-custom-border hostinger-ai-project-image hostinger-index-3\"><img loading=\"lazy\" decoding=\"async\" width=\"2137\" height=\"2560\" src=\"https:\/\/acap.es\/wp-content\/uploads\/2025\/07\/1-1-1-scaled.jpg\" alt=\"\" class=\"wp-image-112\" style=\"border-radius:20px;width:382px;height:auto\" srcset=\"https:\/\/acap.es\/wp-content\/uploads\/2025\/07\/1-1-1-scaled.jpg 2137w, https:\/\/acap.es\/wp-content\/uploads\/2025\/07\/1-1-1-250x300.jpg 250w, https:\/\/acap.es\/wp-content\/uploads\/2025\/07\/1-1-1-855x1024.jpg 855w, https:\/\/acap.es\/wp-content\/uploads\/2025\/07\/1-1-1-768x920.jpg 768w, https:\/\/acap.es\/wp-content\/uploads\/2025\/07\/1-1-1-1282x1536.jpg 1282w, https:\/\/acap.es\/wp-content\/uploads\/2025\/07\/1-1-1-1709x2048.jpg 1709w\" sizes=\"auto, (max-width: 2137px) 100vw, 2137px\" \/><\/figure>\n<\/div>\n<\/div>\n\n\n\n<div class=\"wp-block-group alignwide project-item hostinger-ai-fade-up is-layout-grid wp-container-core-group-is-layout-be66fcb3 wp-block-group-is-layout-grid\" data-aos=\"fade-up\" style=\"padding-top:var(--wp--preset--spacing--40);padding-right:0;padding-bottom:var(--wp--preset--spacing--60);padding-left:0\">\n<div class=\"wp-block-group project-item-content hostinger-ai-fade-up wp-container-content-5e2576f9 is-vertical is-content-justification-left is-nowrap is-layout-flex wp-container-core-group-is-layout-f26a4d82 wp-block-group-is-layout-flex\" data-aos=\"fade-up\" style=\"padding-right:var(--wp--preset--spacing--60);padding-left:0\">\n<h2 class=\"wp-block-heading hostinger-ai-project-title hostinger-index-1 has-dark-color has-text-color has-link-color has-x-large-font-size wp-elements-17b44a4d47fb30c63473969ec27ced9b\" style=\"margin-top:0;margin-right:0;margin-bottom:0;margin-left:0;padding-bottom:var(--wp--preset--spacing--20)\">Servicios profesionales de estudio<\/h2>\n\n\n\n<p class=\"hostinger-ai-project-description hostinger-index-1 has-dark-color has-text-color has-link-color has-medium-font-size wp-elements-2c5c9a50aa50ccfd1a65a32418a3be48\" style=\"margin-top:0;margin-bottom:var(--wp--preset--spacing--50)\">Ofrecemos servicios de estudio profesionales dise\u00f1ados para mejorar el proceso art\u00edstico, proporcionando a los artistas las herramientas y el entorno necesarios para crear grabaciones de alta calidad que destaquen en la competitiva industria musical.<\/p>\n<\/div>\n\n\n\n<div class=\"wp-block-group hostinger-ai-fade-up has-global-padding is-layout-constrained wp-block-group-is-layout-constrained\" data-aos=\"fade-up\">\n<figure class=\"wp-block-image size-full has-custom-border hostinger-ai-project-image hostinger-index-4\"><img loading=\"lazy\" decoding=\"async\" width=\"828\" height=\"612\" src=\"https:\/\/acap.es\/wp-content\/uploads\/2025\/07\/IMG_3828.jpg\" alt=\"\" class=\"wp-image-85\" style=\"border-radius:20px\" srcset=\"https:\/\/acap.es\/wp-content\/uploads\/2025\/07\/IMG_3828.jpg 828w, https:\/\/acap.es\/wp-content\/uploads\/2025\/07\/IMG_3828-300x222.jpg 300w, https:\/\/acap.es\/wp-content\/uploads\/2025\/07\/IMG_3828-768x568.jpg 768w\" sizes=\"auto, (max-width: 828px) 100vw, 828px\" \/><\/figure>\n<\/div>\n<\/div>\n\n\n\n<div class=\"wp-block-group alignwide project-item is-layout-grid wp-container-core-group-is-layout-d462a945 wp-block-group-is-layout-grid\" style=\"padding-top:var(--wp--preset--spacing--40);padding-right:0;padding-bottom:0;padding-left:0\">\n<div class=\"wp-block-group project-item-content hostinger-ai-fade-up wp-container-content-5e2576f9 is-vertical is-content-justification-left is-nowrap is-layout-flex wp-container-core-group-is-layout-f26a4d82 wp-block-group-is-layout-flex\" data-aos=\"fade-up\" style=\"padding-right:var(--wp--preset--spacing--60);padding-left:0\">\n<h2 class=\"wp-block-heading hostinger-ai-project-title hostinger-index-2 has-dark-color has-text-color has-link-color has-x-large-font-size wp-elements-4d3d7312cb4f168636bffef0053de059\" style=\"margin-top:0;margin-right:0;margin-bottom:0;margin-left:0;padding-bottom:var(--wp--preset--spacing--20)\">Unidad m\u00f3vil de gracaci\u00f3n<\/h2>\n\n\n\n<p class=\"hostinger-ai-project-description hostinger-index-2 has-dark-color has-text-color has-link-color has-medium-font-size wp-elements-089a317c5a9cc383abef8b94bb7f7028\" style=\"margin-top:0;margin-bottom:var(--wp--preset--spacing--50)\">En ACAP, viajamos para que puedas hacer realidad tus ideas donde quiera que est\u00e9s. Ofrecemos captura de sonido de alta calidad en un entorno flexible y creativo.<br>Custom beats with the possibility of creating in the middle of nature or in the place that inspires you, we offer a unique experience adapted to each artist.<\/p>\n\n\n\n<p class=\"hostinger-ai-project-description hostinger-index-2 has-dark-color has-text-color has-link-color has-medium-font-size wp-elements-5b644bac838e96b5822c14e5a6c308a1\" style=\"margin-top:0;margin-bottom:var(--wp--preset--spacing--50)\"><\/p>\n\n\n\n<p class=\"hostinger-ai-project-description hostinger-index-2 has-dark-color has-text-color has-link-color has-medium-font-size wp-elements-5b644bac838e96b5822c14e5a6c308a1\" style=\"margin-top:0;margin-bottom:var(--wp--preset--spacing--50)\"><\/p>\n\n\n\n<p class=\"hostinger-ai-project-description hostinger-index-2 has-dark-color has-text-color has-link-color has-medium-font-size wp-elements-5b644bac838e96b5822c14e5a6c308a1\" style=\"margin-top:0;margin-bottom:var(--wp--preset--spacing--50)\"><\/p>\n<\/div>\n\n\n\n<div class=\"wp-block-group hostinger-ai-fade-up has-global-padding is-layout-constrained wp-block-group-is-layout-constrained\" data-aos=\"fade-up\">\n<figure class=\"wp-block-image size-full has-custom-border hostinger-ai-project-image hostinger-index-5\"><img loading=\"lazy\" decoding=\"async\" width=\"828\" height=\"587\" src=\"https:\/\/acap.es\/wp-content\/uploads\/2025\/07\/IMG_3843.jpg\" alt=\"\" class=\"wp-image-132\" style=\"border-radius:20px\" srcset=\"https:\/\/acap.es\/wp-content\/uploads\/2025\/07\/IMG_3843.jpg 828w, https:\/\/acap.es\/wp-content\/uploads\/2025\/07\/IMG_3843-300x213.jpg 300w, https:\/\/acap.es\/wp-content\/uploads\/2025\/07\/IMG_3843-768x544.jpg 768w\" sizes=\"auto, (max-width: 828px) 100vw, 828px\" \/><\/figure>\n<\/div>\n<\/div>\n<\/div>\n\n\n\n<div class=\"wp-block-group alignfull hostinger-ai-customer-reviews-2 hostinger-ai-fade-up has-color-2-background-color has-background has-global-padding is-layout-constrained wp-block-group-is-layout-constrained\" data-aos=\"fade-up\" style=\"padding-top:var(--wp--preset--spacing--60);padding-bottom:var(--wp--preset--spacing--60)\">\n<div class=\"wp-block-columns alignwide is-layout-flex wp-container-core-columns-is-layout-28f84493 wp-block-columns-is-layout-flex\">\n<div class=\"wp-block-column is-layout-flow wp-block-column-is-layout-flow\">\n<figure class=\"wp-block-image aligncenter size-full is-resized has-custom-border hostinger-ai-testimonial-image hostinger-index-2\"><img decoding=\"async\" src=\"https:\/\/images.unsplash.com\/photo-1702227579694-01656560c975?q=85&amp;w=400&amp;h=450&amp;fit=crop\" alt=\"A young man with a beard and mustache smiles broadly. He is wearing a backwards cap and a light-colored shirt. The background is blurred, suggesting a dimly lit environment. The image is black and white, emphasizing shadows and highlights on his face.\" class=\"wp-image-715\" style=\"border-radius:20px;width:412px;height:auto\"\/><\/figure>\n<\/div>\n\n\n\n<div class=\"wp-block-column is-vertically-aligned-center is-layout-flow wp-block-column-is-layout-flow\">\n<div class=\"wp-block-group hostinger-ai-fade-up wp-container-content-69bc4bdf is-vertical is-content-justification-left is-nowrap is-layout-flex wp-container-core-group-is-layout-c11d071d wp-block-group-is-layout-flex\" data-aos=\"fade-up\" style=\"padding-right:0;padding-left:0\">\n<p class=\"hostinger-ai-subtitle has-light-color has-text-color has-link-color has-medium-font-size wp-elements-b0d788506aee56f8a51cbfce1e75a441\" style=\"margin-top:0;margin-bottom:var(--wp--preset--spacing--20)\">Artist Feedback<\/p>\n\n\n\n<p class=\"hostinger-ai-testimonial-text hostinger-ai-font-bold hostinger-index-2 has-light-color has-text-color has-link-color wp-elements-5ec7650c6edf80ba65a5a5907894a8b2\" style=\"margin-top:0;margin-bottom:var(--wp--preset--spacing--50);font-size:clamp(14.082px, 0.88rem + ((1vw - 3.2px) * 0.887), 21px);\">\u201dWorking with Acap has been a game changer for our festival. Their artists bring energy and passion, making every event unforgettable. Highly recommend their services!\u201d<\/p>\n<\/div>\n<\/div>\n<\/div>\n<\/div>","protected":false},"excerpt":{"rendered":"<p>Professional Booking Services We connect artists with festivals and promoters, ensuring unforgettable events and experiences. Artist Portfolio Development Event Booking Services We specialize in creating compelling artist portfolios that showcase talent through stunning visuals, engaging videos, and comprehensive bios to attract festival promoters and event organizers effectively and elevate artist visibility. Professional Studio Services We [&hellip;]<\/p>","protected":false},"author":1,"featured_media":0,"parent":0,"menu_order":0,"comment_status":"closed","ping_status":"closed","template":"","meta":{"footnotes":""},"class_list":["post-6","page","type-page","status-publish","hentry"],"_links":{"self":[{"href":"https:\/\/acap.es\/es\/wp-json\/wp\/v2\/pages\/6","targetHints":{"allow":["GET"]}}],"collection":[{"href":"https:\/\/acap.es\/es\/wp-json\/wp\/v2\/pages"}],"about":[{"href":"https:\/\/acap.es\/es\/wp-json\/wp\/v2\/types\/page"}],"author":[{"embeddable":true,"href":"https:\/\/acap.es\/es\/wp-json\/wp\/v2\/users\/1"}],"replies":[{"embeddable":true,"href":"https:\/\/acap.es\/es\/wp-json\/wp\/v2\/comments?post=6"}],"version-history":[{"count":16,"href":"https:\/\/acap.es\/es\/wp-json\/wp\/v2\/pages\/6\/revisions"}],"predecessor-version":[{"id":134,"href":"https:\/\/acap.es\/es\/wp-json\/wp\/v2\/pages\/6\/revisions\/134"}],"wp:attachment":[{"href":"https:\/\/acap.es\/es\/wp-json\/wp\/v2\/media?parent=6"}],"curies":[{"name":"wp","href":"https:\/\/api.w.org\/{rel}","templated":true}]}}